{"id":47675,"date":"2021-03-25T01:21:09","date_gmt":"2021-03-25T01:21:09","guid":{"rendered":"https:\/\/defoortconsultant.com\/domicile\/"},"modified":"2025-04-02T09:10:16","modified_gmt":"2025-04-02T09:10:16","slug":"domicile","status":"publish","type":"page","link":"https:\/\/defoortconsultant.com\/fr\/","title":{"rendered":"Accueil"},"content":{"rendered":"\n<h1>\n\t\tIntelligence Technologique et Concurrentielle\n\t<\/h1>\n<h2>\n\t\tSoyez Agile Face \u00c0 L&rsquo;acc\u00e9l\u00e9ration De Votre Environnement Technologique\n\t<\/h2>\n\t<p>Nous offrons des services de veille strat\u00e9gique simples et efficaces qui vous aident \u00e0 anticiper l&rsquo;\u00e9volution de votre environnement externe.<\/p>\n\t\t\t<a href=\"https:\/\/defoortconsultant.com\/fr\/contact\/\" target=\"_self\">\n\t\t\t\t\t\t\tR\u00e9servez votre consultation\n\t\t\t\t\t<\/a>\n<h2>\n\t\tAvez-vous besoin d&rsquo;un sp\u00e9cialiste en intelligence \u00e9conomique?\n\t<\/h2>\n\t<ul>\n<li>Avez-vous le sentiment d&rsquo;\u00eatre d\u00e9pass\u00e9(e) par l&rsquo;afflux d&rsquo;information au quotidien?<\/li>\n<li>Capter les tendances et les nouvelles technologies \u00e9mergeantes vous para\u00eet-il compliqu\u00e9?<\/li>\n<li>Trouvez-vous difficile d&rsquo;identifier les informations pertinentes et d&rsquo;apporter de la valeur dans un format exploitable aupr\u00e8s de vos d\u00e9cideurs?<\/li>\n<li>\u00cates-vous perdu dans la mise en place de processus de veille concurrentielle?<\/li>\n<\/ul>\n<h2>\n\t\tNous vous proposons trois types de services de veille scientifique et concurrentielle:\n\t<\/h2>\n\t<ul>\n<li>Conseil en veille concurrentielle<\/li>\n<li>Service de d&rsquo;intelligence technologique<\/li>\n<li>Formation et ateliers<\/li>\n<\/ul>\n\t<p>Defoort Consultant utilise des m\u00e9thodologies de veille scientifique et concurrentielle et des outils de recherche de donn\u00e9es professionnels depuis plus de 10 ans.<\/p>\n\t<p>Nous avons d\u00e9velopper une expertise dans l&rsquo;identification d&rsquo;nformation scientifique et technique pertinente sur vos march\u00e9s cibles. Nous avons test\u00e9 et \u00e9valu\u00e9 de nombreux logiciels gratuits et payants nous permettant d&rsquo;automatiser la surveillance de votre environnement technologique et concurrentiel.<\/p>\n<h2>\n\t\tConsulting en Veille Technologique\n\t<\/h2>\n<h3>\n\t\tDefoort Consultant vous accompagne dans la conception et la mise en \u0153uvre de votre processus de veille strat\u00e9gique.\n\t<\/h3>\n\t<p><strong>Pourquoi mettre en place un syst\u00e8me de veille strat\u00e9gique?<\/strong><\/p>\n<p>L&rsquo;intelligence strat\u00e9gique est un processus informel allant de la recherche d&rsquo;information \u00e0 son interpr\u00e9tation. Ce processus permet de cr\u00e9er une vision de l&rsquo;environnement dans lequel une entreprise souhaite gagner \/ maintenir ses parts de march\u00e9.<\/p>\n\t\t\t<a href=\"https:\/\/defoortconsultant.com\/fr\/consulting-en-veille-technologique\/\" target=\"_self\">\n\t\t\t\t\t\t\ten savoir plus\n\t\t\t\t\t<\/a>\n\t\t\t\t<img decoding=\"async\" data-src=\"https:\/\/defoort.wpengine.com\/wp-content\/uploads\/2021\/03\/half-page-home-consulting.jpg\" alt=\"consultation \u00e0 domicile d&#039;une demi-page\" itemprop=\"image\" title=\"consultation \u00e0 domicile d&#039;une demi-page\" onerror=\"this.style.display='none'\" src=\"data:image\/svg+xml;base64,PHN2ZyB3aWR0aD0iMSIgaGVpZ2h0PSIxIiB4bWxucz0iaHR0cDovL3d3dy53My5vcmcvMjAwMC9zdmciPjwvc3ZnPg==\" class=\"lazyload\" \/>\n\t\t\t\t<img decoding=\"async\" data-src=\"https:\/\/defoort.wpengine.com\/wp-content\/uploads\/2021\/03\/half-page-technology.jpg\" alt=\"technologie demi-page\" itemprop=\"image\" title=\"technologie demi-page\" onerror=\"this.style.display='none'\" src=\"data:image\/svg+xml;base64,PHN2ZyB3aWR0aD0iMSIgaGVpZ2h0PSIxIiB4bWxucz0iaHR0cDovL3d3dy53My5vcmcvMjAwMC9zdmciPjwvc3ZnPg==\" class=\"lazyload\" \/>\n<h2>\n\t\tService d&rsquo;intelligence technologique\n\t<\/h2>\n<h3>\n\t\tDefoort Consultant vous aide \u00e0 explorer vos id\u00e9es innovantes et \u00e0 analyser votre environnement technologique et concurrentiel. \n\t<\/h3>\n\t<p><strong>Gardez une longueur d&rsquo;avance sur vos concurrents<\/strong><\/p>\n<p>Face \u00e0 la quantit\u00e9 grandissante des informations accessibles, \u00e0 la complexit\u00e9 des donn\u00e9es technologiques telles que les brevets et \u00e0 une forte pression concurrentielle, vous positionner de fa\u00e7on r\u00e9active n&rsquo;est plus suffisant pour s\u00e9curiser vos parts de march\u00e9.<\/p>\n\t\t\t<a href=\"https:\/\/defoortconsultant.com\/fr\/service-dintelligence-technologique\/\" target=\"_self\">\n\t\t\t\t\t\t\ten savoir plus\n\t\t\t\t\t<\/a>\n<h2>\n\t\tFormation et Workshops en Veille Strat\u00e9gique\n\t<\/h2>\n<h3>\n\t\tDefoort Consultant partage avec vous son expertise en veille strat\u00e9gique. Avec des formations modulables et des ateliers adapt\u00e9s \u00e0 votre organisation. \n\t<\/h3>\n\t<p><strong>Une offre adapt\u00e9e \u00e0 votre organisation<\/strong><\/p>\n<p>Nous personnalisons nos formations pour r\u00e9pondre au contexte de votre organisation et de votre industrie. Nos formations sont d\u00e9livr\u00e9es en fran\u00e7ais et en anglais par Julie Defoort et sont personnalis\u00e9es selon vos besoins.<\/p>\n\t\t\t<a href=\"https:\/\/defoortconsultant.com\/competitive-intelligence-training\/\" target=\"_self\">\n\t\t\t\t\t\t\tFormation sur mesure\n\t\t\t\t\t<\/a>\n\t\t\t<a href=\"https:\/\/defoortconsultant.com\/competitive-intelligence-workshops\/\" target=\"_self\">\n\t\t\t\t\t\t\tD\u00e9couvrez nos workshops\n\t\t\t\t\t<\/a>\n\t\t\t\t<img decoding=\"async\" data-src=\"https:\/\/defoort.wpengine.com\/wp-content\/uploads\/2021\/04\/half-page-workshop-right.png\" alt=\"half-page-workshop-right\" itemprop=\"image\" title=\"half-page-workshop-right\" onerror=\"this.style.display='none'\" src=\"data:image\/svg+xml;base64,PHN2ZyB3aWR0aD0iMSIgaGVpZ2h0PSIxIiB4bWxucz0iaHR0cDovL3d3dy53My5vcmcvMjAwMC9zdmciPjwvc3ZnPg==\" class=\"lazyload\" \/>\n\t\t\t\t<img decoding=\"async\" data-src=\"https:\/\/defoort.wpengine.com\/wp-content\/uploads\/2021\/03\/half-page-julie-hex-1.png\" alt=\"demi-page-julie-hex\" itemprop=\"image\" title=\"demi-page-julie-hex\" onerror=\"this.style.display='none'\" src=\"data:image\/svg+xml;base64,PHN2ZyB3aWR0aD0iMSIgaGVpZ2h0PSIxIiB4bWxucz0iaHR0cDovL3d3dy53My5vcmcvMjAwMC9zdmciPjwvc3ZnPg==\" class=\"lazyload\" \/>\n<h2>\n\t\tJe suis Julie Defoort\n\t<\/h2>\n\tDirectrice et Analyste S\u00e9nior chez Defoort Consultant.<br \/>\nJe suis votre expert incontournable pour vous tenir informer des derni\u00e8res innovations technologiques.\n<p>Je suis sp\u00e9cialis\u00e9e dans les secteurs de la biotechnologie industrielle, la biotechnologie alimentaire et les agrobiotechnologies.<\/p>\n<p>Vous rencontrez peut-\u00eatre des difficult\u00e9s \u00e0 trouver un expert en veille strat\u00e9gique sp\u00e9cialiste de votre industrie.<\/p>\n\t\t\t\t<img decoding=\"async\" data-src=\"https:\/\/defoortconsultant.com\/wp-content\/plugins\/bb-plugin\/img\/pixel.png\" alt=\"\" itemprop=\"image\" onerror=\"this.style.display='none'\" src=\"data:image\/svg+xml;base64,PHN2ZyB3aWR0aD0iMSIgaGVpZ2h0PSIxIiB4bWxucz0iaHR0cDovL3d3dy53My5vcmcvMjAwMC9zdmciPjwvc3ZnPg==\" class=\"lazyload\" style=\"--smush-placeholder-width: 3px; --smush-placeholder-aspect-ratio: 3\/2;\" \/>\n<h2>\n\t\tNous travaillons avec des entreprises de biotechnologie sur les march\u00e9s suivants:\n\t<\/h2>\n\t\t\t\t<img decoding=\"async\" data-src=\"https:\/\/defoort.wpengine.com\/wp-content\/uploads\/2021\/04\/Defoort-Icon-Human-Nutrition.png\" alt=\"Human Nutrition\" itemprop=\"image\" title=\"Defoort-Icon-Human-Nutrition\" onerror=\"this.style.display='none'\" src=\"data:image\/svg+xml;base64,PHN2ZyB3aWR0aD0iMSIgaGVpZ2h0PSIxIiB4bWxucz0iaHR0cDovL3d3dy53My5vcmcvMjAwMC9zdmciPjwvc3ZnPg==\" class=\"lazyload\" \/>\n<h4>Nutrition Humaine<\/h4>\t\n\t\t\t\t<img decoding=\"async\" data-src=\"https:\/\/defoort.wpengine.com\/wp-content\/uploads\/2021\/04\/Defoort-Icon-Plant-Biostimulation-Biocontrol.png\" alt=\"Defoort-Icon-Plant-Biostimulation-Biocontrol\" itemprop=\"image\" title=\"Defoort-Icon-Plant-Biostimulation-Biocontrol\" onerror=\"this.style.display='none'\" src=\"data:image\/svg+xml;base64,PHN2ZyB3aWR0aD0iMSIgaGVpZ2h0PSIxIiB4bWxucz0iaHR0cDovL3d3dy53My5vcmcvMjAwMC9zdmciPjwvc3ZnPg==\" class=\"lazyload\" \/>\n<h4>Biostimulation &amp;<br \/> Biocontr\u00f4le des Plantes<\/h4>\t\n\t\t\t\t<img decoding=\"async\" data-src=\"https:\/\/defoort.wpengine.com\/wp-content\/uploads\/2021\/03\/Defoort-Icon-Animal-Nutrition.png\" alt=\"Defoort-Icon-Animal--Nutrition\" itemprop=\"image\" title=\"Defoort-Icon-Animal--Nutrition\" onerror=\"this.style.display='none'\" src=\"data:image\/svg+xml;base64,PHN2ZyB3aWR0aD0iMSIgaGVpZ2h0PSIxIiB4bWxucz0iaHR0cDovL3d3dy53My5vcmcvMjAwMC9zdmciPjwvc3ZnPg==\" class=\"lazyload\" \/>\n<h4>Sant\u00e9 <br \/>&amp; Nutrition Animale<\/h4>\t\n\t\t\t\t<img decoding=\"async\" data-src=\"https:\/\/defoort.wpengine.com\/wp-content\/uploads\/2021\/03\/Defoort-Icon-Plant-Biostimulation.png\" alt=\"Green Biotechnology\" itemprop=\"image\" title=\"Defoort-Icon-Plant--Biostimulation\" onerror=\"this.style.display='none'\" src=\"data:image\/svg+xml;base64,PHN2ZyB3aWR0aD0iMSIgaGVpZ2h0PSIxIiB4bWxucz0iaHR0cDovL3d3dy53My5vcmcvMjAwMC9zdmciPjwvc3ZnPg==\" class=\"lazyload\" \/>\n<h4>Biotechnologies Vertes<\/h4>\t\n\t\t\t\t<img decoding=\"async\" data-src=\"https:\/\/defoort.wpengine.com\/wp-content\/uploads\/2021\/03\/Defoort-Icon-Microorganisms.png\" alt=\"Defoort-Icon-Microorganisms\" itemprop=\"image\" title=\"Defoort-Icon-Microorganisms\" onerror=\"this.style.display='none'\" src=\"data:image\/svg+xml;base64,PHN2ZyB3aWR0aD0iMSIgaGVpZ2h0PSIxIiB4bWxucz0iaHR0cDovL3d3dy53My5vcmcvMjAwMC9zdmciPjwvc3ZnPg==\" class=\"lazyload\" \/>\n<h4>Microbiologie Industrielle<\/h4>\t\n\t\t\t\t<img decoding=\"async\" data-src=\"https:\/\/defoort.wpengine.com\/wp-content\/uploads\/2021\/04\/Defoort-Icon-Food-Beverage-Ingredients.png\" alt=\"Food &amp; Beverage Ingredients\" itemprop=\"image\" title=\"Defoort-Icon-Food-Beverage-Ingredients\" onerror=\"this.style.display='none'\" src=\"data:image\/svg+xml;base64,PHN2ZyB3aWR0aD0iMSIgaGVpZ2h0PSIxIiB4bWxucz0iaHR0cDovL3d3dy53My5vcmcvMjAwMC9zdmciPjwvc3ZnPg==\" class=\"lazyload\" \/>\n<h4>Ingr\u00e9dients<br \/>Alimentaires &amp; Boissons<\/h4>\t\n\t\t\t\t<img decoding=\"async\" data-src=\"https:\/\/defoortconsultant.com\/wp-content\/uploads\/2021\/03\/Defoort-Icon-quote.png\" alt=\"Defoort-Icon-quote\" itemprop=\"image\" height=\"300\" width=\"300\" title=\"Defoort-Icon-quote\" onerror=\"this.style.display='none'\" src=\"data:image\/svg+xml;base64,PHN2ZyB3aWR0aD0iMSIgaGVpZ2h0PSIxIiB4bWxucz0iaHR0cDovL3d3dy53My5vcmcvMjAwMC9zdmciPjwvc3ZnPg==\" class=\"lazyload\" style=\"--smush-placeholder-width: 300px; --smush-placeholder-aspect-ratio: 300\/300;\" \/>\n\t<p>\u00abJulie est capable de m\u00e9langer habilement des approches scientifiques, marketing et comp\u00e9titives pour r\u00e9pondre \u00e0 nos besoins. C&rsquo;est un vrai plus pour nous, qui travaillons principalement avec des ing\u00e9nieurs de recherche. Nous n&rsquo;avons pas toujours l&rsquo;habitude de compl\u00e9ter nos \u00e9tudes et nos suivis au-del\u00e0 de la documentation scientifique et technique. Julie sait nous guider de mani\u00e8re appropri\u00e9e, pertinente et efficace. Il nous aide \u00e0 faire le lien entre les d\u00e9partements R&amp;D, Marketing et Prospective. \u00bb<\/p>\n<p><strong>Officier de veille technologique, biotechnologie v\u00e9g\u00e9tale<\/strong><\/p>\n\t\t\t\t<img decoding=\"async\" data-src=\"https:\/\/defoortconsultant.com\/wp-content\/uploads\/2021\/03\/Defoort-Icon-phone.png\" alt=\"Defoort-Icon-t\u00e9l\u00e9phone\" itemprop=\"image\" height=\"300\" width=\"300\" title=\"Defoort-Icon-t\u00e9l\u00e9phone\" onerror=\"this.style.display='none'\" src=\"data:image\/svg+xml;base64,PHN2ZyB3aWR0aD0iMSIgaGVpZ2h0PSIxIiB4bWxucz0iaHR0cDovL3d3dy53My5vcmcvMjAwMC9zdmciPjwvc3ZnPg==\" class=\"lazyload\" style=\"--smush-placeholder-width: 300px; --smush-placeholder-aspect-ratio: 300\/300;\" \/>\n\t\t\t\t<img decoding=\"async\" data-src=\"https:\/\/defoortconsultant.com\/wp-content\/uploads\/2021\/03\/Defoort-Icon-meeting.png\" alt=\"Defoort-Icon-meeting\" itemprop=\"image\" height=\"300\" width=\"300\" title=\"Defoort-Icon-meeting\" onerror=\"this.style.display='none'\" src=\"data:image\/svg+xml;base64,PHN2ZyB3aWR0aD0iMSIgaGVpZ2h0PSIxIiB4bWxucz0iaHR0cDovL3d3dy53My5vcmcvMjAwMC9zdmciPjwvc3ZnPg==\" class=\"lazyload\" style=\"--smush-placeholder-width: 300px; --smush-placeholder-aspect-ratio: 300\/300;\" \/>\n<h3>\n\t\tConsultation GRATUITE de 30 minutes\u00a0 par t\u00e9l\u00e9phone ou vid\u00e9o\n\t<\/h3>\n\t<p>Nous commen\u00e7ons toujours par prendre le temps de comprendre votre m\u00e9tier et vos besoins, afin de proposer les meilleures solutions \u00e0 vos probl\u00e8mes.<\/p>\n\t\t\t<a href=\"https:\/\/defoortconsultant.com\/fr\/contact\/\" target=\"_self\">\n\t\t\t\t\t\t\tR\u00e9servez votre consultation\n\t\t\t\t\t<\/a>\n<h2>\n\t\tDerni\u00e8res Nouvelles sur Notre Blog\n\t<\/h2>\n<h2>\n\t\tIci pour vous aider.\n\t<\/h2>\n\t\t\t\t<img decoding=\"async\" data-src=\"https:\/\/defoort.wpengine.com\/wp-content\/uploads\/2021\/03\/Defoort-Icon-phone.png\" alt=\"Defoort-Icon-t\u00e9l\u00e9phone\" itemprop=\"image\" title=\"Defoort-Icon-t\u00e9l\u00e9phone\" onerror=\"this.style.display='none'\" src=\"data:image\/svg+xml;base64,PHN2ZyB3aWR0aD0iMSIgaGVpZ2h0PSIxIiB4bWxucz0iaHR0cDovL3d3dy53My5vcmcvMjAwMC9zdmciPjwvc3ZnPg==\" class=\"lazyload\" \/>\n\t\t\t\t<img decoding=\"async\" data-src=\"https:\/\/defoort.wpengine.com\/wp-content\/uploads\/2021\/03\/Defoort-Icon-meeting.png\" alt=\"Defoort-Icon-meeting\" itemprop=\"image\" title=\"Defoort-Icon-meeting\" onerror=\"this.style.display='none'\" src=\"data:image\/svg+xml;base64,PHN2ZyB3aWR0aD0iMSIgaGVpZ2h0PSIxIiB4bWxucz0iaHR0cDovL3d3dy53My5vcmcvMjAwMC9zdmciPjwvc3ZnPg==\" class=\"lazyload\" \/>\n<h4>\n\t\tConsultation GRATUITE de 30 minutes par t\u00e9l\u00e9phone ou vid\u00e9o-conf\u00e9rence\n\t<\/h4>\n\t<p>Nous commen\u00e7ons toujours par prendre le temps de comprendre votre entreprise et vos exigences, afin de pouvoir proposer les meilleures solutions \u00e0 votre probl\u00e8me.<\/p>\n\t\t\t<a href=\"https:\/\/defoortconsultant.com\/fr\/contact\/\" target=\"_self\">\n\t\t\t\t\t\t\tR\u00e9servez votre consultation\n\t\t\t\t\t<\/a>\n<h2>\n\t\tTenez-moi informer\n\t<\/h2>\n\t\t\t\t<img decoding=\"async\" data-src=\"https:\/\/defoort.wpengine.com\/wp-content\/uploads\/2021\/03\/Defoort-Icon-news.png\" alt=\"Defoort-Icon-nouvelles\" itemprop=\"image\" title=\"Defoort-Icon-nouvelles\" onerror=\"this.style.display='none'\" src=\"data:image\/svg+xml;base64,PHN2ZyB3aWR0aD0iMSIgaGVpZ2h0PSIxIiB4bWxucz0iaHR0cDovL3d3dy53My5vcmcvMjAwMC9zdmciPjwvc3ZnPg==\" class=\"lazyload\" \/>\n\t<p>Abonnez-vous \u00e0 notre newsletter.<\/p>\n<p>Avec plus de 10 ans d&rsquo;exp\u00e9rience en intelligence technologique, nous aidons les entreprises de biotechnologie \u00e0 identifier et analyser les informations pertinentes sur les technologies \u00e9mergentes et les tendances du march\u00e9.<\/p>\n\n","protected":false},"excerpt":{"rendered":"<p>Intelligence Technologique et Concurrentielle Soyez Agile Face \u00c0 L&rsquo;acc\u00e9l\u00e9ration De Votre Environnement Technologique Nous offrons des services de veille strat\u00e9gique simples et efficaces qui vous aident \u00e0 anticiper l&rsquo;\u00e9volution de votre environnement externe. R\u00e9servez votre consultation Avez-vous besoin d&rsquo;un sp\u00e9cialiste en intelligence \u00e9conomique? Avez-vous le sentiment d&rsquo;\u00eatre d\u00e9pass\u00e9(e) par l&rsquo;afflux d&rsquo;information au quotidien? Capter les &#8230; <a title=\"Accueil\" class=\"read-more\" href=\"https:\/\/defoortconsultant.com\/fr\/\" aria-label=\"En savoir plus sur Accueil\">Lire plus<\/a><\/p>\n","protected":false},"author":1,"featured_media":0,"parent":0,"menu_order":0,"comment_status":"closed","ping_status":"closed","template":"","meta":{"footnotes":""},"class_list":["post-47675","page","type-page","status-publish"],"yoast_head":"<!-- This site is optimized with the Yoast SEO plugin v27.3 - https:\/\/yoast.com\/product\/yoast-seo-wordpress\/ -->\n<title>Analyste en Intelligence Technologique et Concurrentielle | Defoort Consultant<\/title>\n<meta name=\"description\" content=\"Des Services d&#039;Intelligence Strat\u00e9gique Simples &amp; Efficaces pour vous Aider \u00e0 Anticiper l&#039;Evolution de votre Environnement Externe.\" \/>\n<meta name=\"robots\" content=\"index, follow, max-snippet:-1, max-image-preview:large, max-video-preview:-1\" \/>\n<link rel=\"canonical\" href=\"https:\/\/defoortconsultant.com\/fr\/\" \/>\n<meta property=\"og:locale\" content=\"fr_FR\" \/>\n<meta property=\"og:type\" content=\"article\" \/>\n<meta property=\"og:title\" content=\"Analyste en Intelligence Technologique et Concurrentielle | Defoort Consultant\" \/>\n<meta property=\"og:description\" content=\"Des Services d&#039;Intelligence Strat\u00e9gique Simples &amp; Efficaces pour vous Aider \u00e0 Anticiper l&#039;Evolution de votre Environnement Externe.\" \/>\n<meta property=\"og:url\" content=\"https:\/\/defoortconsultant.com\/fr\/\" \/>\n<meta property=\"og:site_name\" content=\"Defoort Consultant\" \/>\n<meta property=\"article:modified_time\" content=\"2025-04-02T09:10:16+00:00\" \/>\n<meta property=\"og:image\" content=\"https:\/\/defoort.wpengine.com\/wp-content\/uploads\/2021\/03\/half-page-home-consulting.jpg\" \/>\n<meta name=\"twitter:card\" content=\"summary_large_image\" \/>\n<meta name=\"twitter:label1\" content=\"Dur\u00e9e de lecture estim\u00e9e\" \/>\n\t<meta name=\"twitter:data1\" content=\"7 minutes\" \/>\n<script type=\"application\/ld+json\" class=\"yoast-schema-graph\">{\"@context\":\"https:\\\/\\\/schema.org\",\"@graph\":[{\"@type\":\"WebPage\",\"@id\":\"https:\\\/\\\/defoortconsultant.com\\\/fr\\\/\",\"url\":\"https:\\\/\\\/defoortconsultant.com\\\/fr\\\/\",\"name\":\"Analyste en Intelligence Technologique et Concurrentielle | Defoort Consultant\",\"isPartOf\":{\"@id\":\"https:\\\/\\\/defoortconsultant.com\\\/fr\\\/#website\"},\"primaryImageOfPage\":{\"@id\":\"https:\\\/\\\/defoortconsultant.com\\\/fr\\\/#primaryimage\"},\"image\":{\"@id\":\"https:\\\/\\\/defoortconsultant.com\\\/fr\\\/#primaryimage\"},\"thumbnailUrl\":\"https:\\\/\\\/defoort.wpengine.com\\\/wp-content\\\/uploads\\\/2021\\\/03\\\/half-page-home-consulting.jpg\",\"datePublished\":\"2021-03-25T01:21:09+00:00\",\"dateModified\":\"2025-04-02T09:10:16+00:00\",\"description\":\"Des Services d'Intelligence Strat\u00e9gique Simples & Efficaces pour vous Aider \u00e0 Anticiper l'Evolution de votre Environnement Externe.\",\"breadcrumb\":{\"@id\":\"https:\\\/\\\/defoortconsultant.com\\\/fr\\\/#breadcrumb\"},\"inLanguage\":\"fr-FR\",\"potentialAction\":[{\"@type\":\"ReadAction\",\"target\":[\"https:\\\/\\\/defoortconsultant.com\\\/fr\\\/\"]}]},{\"@type\":\"ImageObject\",\"inLanguage\":\"fr-FR\",\"@id\":\"https:\\\/\\\/defoortconsultant.com\\\/fr\\\/#primaryimage\",\"url\":\"https:\\\/\\\/defoort.wpengine.com\\\/wp-content\\\/uploads\\\/2021\\\/03\\\/half-page-home-consulting.jpg\",\"contentUrl\":\"https:\\\/\\\/defoort.wpengine.com\\\/wp-content\\\/uploads\\\/2021\\\/03\\\/half-page-home-consulting.jpg\"},{\"@type\":\"BreadcrumbList\",\"@id\":\"https:\\\/\\\/defoortconsultant.com\\\/fr\\\/#breadcrumb\",\"itemListElement\":[{\"@type\":\"ListItem\",\"position\":1,\"name\":\"Home\",\"item\":\"https:\\\/\\\/defoortconsultant.com\\\/fr\\\/\"},{\"@type\":\"ListItem\",\"position\":2,\"name\":\"Accueil\"}]},{\"@type\":\"WebSite\",\"@id\":\"https:\\\/\\\/defoortconsultant.com\\\/fr\\\/#website\",\"url\":\"https:\\\/\\\/defoortconsultant.com\\\/fr\\\/\",\"name\":\"Defoort Consultant\",\"description\":\"Scientific Competitive Intelligence\",\"publisher\":{\"@id\":\"https:\\\/\\\/defoortconsultant.com\\\/fr\\\/#organization\"},\"potentialAction\":[{\"@type\":\"SearchAction\",\"target\":{\"@type\":\"EntryPoint\",\"urlTemplate\":\"https:\\\/\\\/defoortconsultant.com\\\/fr\\\/?s={search_term_string}\"},\"query-input\":{\"@type\":\"PropertyValueSpecification\",\"valueRequired\":true,\"valueName\":\"search_term_string\"}}],\"inLanguage\":\"fr-FR\"},{\"@type\":\"Organization\",\"@id\":\"https:\\\/\\\/defoortconsultant.com\\\/fr\\\/#organization\",\"name\":\"Defoort Consultant\",\"url\":\"https:\\\/\\\/defoortconsultant.com\\\/fr\\\/\",\"logo\":{\"@type\":\"ImageObject\",\"inLanguage\":\"fr-FR\",\"@id\":\"https:\\\/\\\/defoortconsultant.com\\\/fr\\\/#\\\/schema\\\/logo\\\/image\\\/\",\"url\":\"https:\\\/\\\/defoortconsultant.com\\\/wp-content\\\/uploads\\\/2021\\\/03\\\/defoort-logo-sml.png\",\"contentUrl\":\"https:\\\/\\\/defoortconsultant.com\\\/wp-content\\\/uploads\\\/2021\\\/03\\\/defoort-logo-sml.png\",\"width\":350,\"height\":97,\"caption\":\"Defoort Consultant\"},\"image\":{\"@id\":\"https:\\\/\\\/defoortconsultant.com\\\/fr\\\/#\\\/schema\\\/logo\\\/image\\\/\"}}]}<\/script>\n<!-- \/ Yoast SEO plugin. -->","yoast_head_json":{"title":"Analyste en Intelligence Technologique et Concurrentielle | Defoort Consultant","description":"Des Services d'Intelligence Strat\u00e9gique Simples & Efficaces pour vous Aider \u00e0 Anticiper l'Evolution de votre Environnement Externe.","robots":{"index":"index","follow":"follow","max-snippet":"max-snippet:-1","max-image-preview":"max-image-preview:large","max-video-preview":"max-video-preview:-1"},"canonical":"https:\/\/defoortconsultant.com\/fr\/","og_locale":"fr_FR","og_type":"article","og_title":"Analyste en Intelligence Technologique et Concurrentielle | Defoort Consultant","og_description":"Des Services d'Intelligence Strat\u00e9gique Simples & Efficaces pour vous Aider \u00e0 Anticiper l'Evolution de votre Environnement Externe.","og_url":"https:\/\/defoortconsultant.com\/fr\/","og_site_name":"Defoort Consultant","article_modified_time":"2025-04-02T09:10:16+00:00","og_image":[{"url":"https:\/\/defoort.wpengine.com\/wp-content\/uploads\/2021\/03\/half-page-home-consulting.jpg","type":"","width":"","height":""}],"twitter_card":"summary_large_image","twitter_misc":{"Dur\u00e9e de lecture estim\u00e9e":"7 minutes"},"schema":{"@context":"https:\/\/schema.org","@graph":[{"@type":"WebPage","@id":"https:\/\/defoortconsultant.com\/fr\/","url":"https:\/\/defoortconsultant.com\/fr\/","name":"Analyste en Intelligence Technologique et Concurrentielle | Defoort Consultant","isPartOf":{"@id":"https:\/\/defoortconsultant.com\/fr\/#website"},"primaryImageOfPage":{"@id":"https:\/\/defoortconsultant.com\/fr\/#primaryimage"},"image":{"@id":"https:\/\/defoortconsultant.com\/fr\/#primaryimage"},"thumbnailUrl":"https:\/\/defoort.wpengine.com\/wp-content\/uploads\/2021\/03\/half-page-home-consulting.jpg","datePublished":"2021-03-25T01:21:09+00:00","dateModified":"2025-04-02T09:10:16+00:00","description":"Des Services d'Intelligence Strat\u00e9gique Simples & Efficaces pour vous Aider \u00e0 Anticiper l'Evolution de votre Environnement Externe.","breadcrumb":{"@id":"https:\/\/defoortconsultant.com\/fr\/#breadcrumb"},"inLanguage":"fr-FR","potentialAction":[{"@type":"ReadAction","target":["https:\/\/defoortconsultant.com\/fr\/"]}]},{"@type":"ImageObject","inLanguage":"fr-FR","@id":"https:\/\/defoortconsultant.com\/fr\/#primaryimage","url":"https:\/\/defoort.wpengine.com\/wp-content\/uploads\/2021\/03\/half-page-home-consulting.jpg","contentUrl":"https:\/\/defoort.wpengine.com\/wp-content\/uploads\/2021\/03\/half-page-home-consulting.jpg"},{"@type":"BreadcrumbList","@id":"https:\/\/defoortconsultant.com\/fr\/#breadcrumb","itemListElement":[{"@type":"ListItem","position":1,"name":"Home","item":"https:\/\/defoortconsultant.com\/fr\/"},{"@type":"ListItem","position":2,"name":"Accueil"}]},{"@type":"WebSite","@id":"https:\/\/defoortconsultant.com\/fr\/#website","url":"https:\/\/defoortconsultant.com\/fr\/","name":"Defoort Consultant","description":"Scientific Competitive Intelligence","publisher":{"@id":"https:\/\/defoortconsultant.com\/fr\/#organization"},"potentialAction":[{"@type":"SearchAction","target":{"@type":"EntryPoint","urlTemplate":"https:\/\/defoortconsultant.com\/fr\/?s={search_term_string}"},"query-input":{"@type":"PropertyValueSpecification","valueRequired":true,"valueName":"search_term_string"}}],"inLanguage":"fr-FR"},{"@type":"Organization","@id":"https:\/\/defoortconsultant.com\/fr\/#organization","name":"Defoort Consultant","url":"https:\/\/defoortconsultant.com\/fr\/","logo":{"@type":"ImageObject","inLanguage":"fr-FR","@id":"https:\/\/defoortconsultant.com\/fr\/#\/schema\/logo\/image\/","url":"https:\/\/defoortconsultant.com\/wp-content\/uploads\/2021\/03\/defoort-logo-sml.png","contentUrl":"https:\/\/defoortconsultant.com\/wp-content\/uploads\/2021\/03\/defoort-logo-sml.png","width":350,"height":97,"caption":"Defoort Consultant"},"image":{"@id":"https:\/\/defoortconsultant.com\/fr\/#\/schema\/logo\/image\/"}}]}},"_links":{"self":[{"href":"https:\/\/defoortconsultant.com\/fr\/wp-json\/wp\/v2\/pages\/47675","targetHints":{"allow":["GET"]}}],"collection":[{"href":"https:\/\/defoortconsultant.com\/fr\/wp-json\/wp\/v2\/pages"}],"about":[{"href":"https:\/\/defoortconsultant.com\/fr\/wp-json\/wp\/v2\/types\/page"}],"author":[{"embeddable":true,"href":"https:\/\/defoortconsultant.com\/fr\/wp-json\/wp\/v2\/users\/1"}],"replies":[{"embeddable":true,"href":"https:\/\/defoortconsultant.com\/fr\/wp-json\/wp\/v2\/comments?post=47675"}],"version-history":[{"count":0,"href":"https:\/\/defoortconsultant.com\/fr\/wp-json\/wp\/v2\/pages\/47675\/revisions"}],"wp:attachment":[{"href":"https:\/\/defoortconsultant.com\/fr\/wp-json\/wp\/v2\/media?parent=47675"}],"curies":[{"name":"wp","href":"https:\/\/api.w.org\/{rel}","templated":true}]}}