{"id":47824,"date":"2021-07-12T15:41:10","date_gmt":"2021-07-12T15:41:10","guid":{"rendered":"https:\/\/defoortconsultant.com\/a-propos\/"},"modified":"2025-04-02T10:42:03","modified_gmt":"2025-04-02T10:42:03","slug":"a-propos","status":"publish","type":"page","link":"https:\/\/defoortconsultant.com\/fr\/a-propos\/","title":{"rendered":"A propos"},"content":{"rendered":"\n<h1>\n\t\tVotre Expert\n\t<\/h1>\n<h2>\n\t\tDefoort Consultant g\u00e8re des projets d&rsquo;Intelligence Scientifique et Concurrentielle depuis plus de 10 ans.\n\t<\/h2>\n\t<p>Gr\u00e2ce \u00e0 nos services d&rsquo;Intelligence Technologique et Concurrentielle, nous vous conseillons, travaillons en partenariat avec vous et vous formons, de mani\u00e8re \u00e0 ce que vous acc\u00e9diez aux connaissances n\u00e9cessaires au d\u00e9veloppement de votre entreprise.<\/p>\n\t\t\t<a href=\"https:\/\/defoortconsultant.com\/fr\/contact\/\" target=\"_self\">\n\t\t\t\t\t\t\tR\u00e9servez votre consultation\n\t\t\t\t\t<\/a>\n<h2>\n\t\tNotre Histoire\n\t<\/h2>\n\t\t\t\t<img decoding=\"async\" data-src=\"https:\/\/defoortconsult.wpengine.com\/wp-content\/uploads\/2021\/03\/half-page-profile-3.png\" alt=\"half-page-profile-3\" itemprop=\"image\" title=\"half-page-profile-3\" onerror=\"this.style.display='none'\" src=\"data:image\/svg+xml;base64,PHN2ZyB3aWR0aD0iMSIgaGVpZ2h0PSIxIiB4bWxucz0iaHR0cDovL3d3dy53My5vcmcvMjAwMC9zdmciPjwvc3ZnPg==\" class=\"lazyload\" \/>\n\t<p>Defoort Consultant est un cabinet de consulting bas\u00e9 dans le Nord Est de l&rsquo;Angleterre. Cr\u00e9\u00e9 en 2017 par Julie Defoort, nous offrons nos services aux entreprises du secteurs des sciences de la vie, des biotechnologies et des sciences alimentaires. Nous sommes sp\u00e9cialistes en recherche et en analyse d&rsquo;information scientifique, technologique et concurrentielle.<\/p>\n<p>Chez Defoort Consultant, nous sommes passionn\u00e9s par les sciences de la vie et notre curiosit\u00e9 est in\u00e9puisable. Face \u00e0 l&rsquo;abondance d&rsquo;information et la constante \u00e9volution des outils de recherche d&rsquo;information et de veille, nous relevons le d\u00e9fi au quotidien pour soutenir votre organisation.<\/p>\n<p>Vous avez des questions, nous vous apportons les r\u00e9ponses pour accompagner le d\u00e9veloppement de votre entreprise.<\/p>\n<p>Nous utilisons des m\u00e9thodes et outils professionnels de recherche d&rsquo;information depuis plus de 10 ans. Ainsi, nous avons d\u00e9velopp\u00e9 une expertise dans la d\u00e9tection de sources d&rsquo;information scientifiques et techniques qualifi\u00e9es pour vos march\u00e9s.<\/p>\n<p>Nous avons \u00e9galement test\u00e9 et \u00e9valu\u00e9 de nombreux outils d&rsquo;intelligence scientifique et de veille strat\u00e9gique &#8211; gratuits et payants &#8211; permettant d&rsquo;automatiser la surveillance de votre environnement concurrentiel et technologique.<\/p>\n<h2>\n\t\tNotre Parcours\n\t<\/h2>\n\t<p>Julie est de nationalit\u00e9 fran\u00e7aise et vit depuis 2016 au Royaume-Uni.<\/p>\n<p>Elle a travaill\u00e9 pendant plus de 10 ans dans le secteur des biotechnologies. Elle a occup\u00e9 des fonctions d&rsquo;analyste scientifique, de responsable formation et communication technique et d&rsquo;analyste march\u00e9.<\/p>\n<p>Julie a \u00e9tudi\u00e9 la biologie et biochimie humaine avant de se sp\u00e9cialiser dans les biotechnologies v\u00e9g\u00e9tales et la bioprotection des plantes. C&rsquo;est durant son Master Recherche que Julie a d\u00e9couvert sa passion pour la recherche et l&rsquo;analyse d&rsquo;information scientifique et technique. Cette passion ne l&rsquo;a plus quitt\u00e9e depuis.<\/p>\n<p>Julie a \u00e9galement enseign\u00e9 \u00e0 temps partiel les m\u00e9thodes et outils de veille en <a href=\"http:\/\/imt-lille-douai.fr\/en\/formations\/all-courses\/lifelong-learning\/online-learning\/master-2-vs2i\/\">\u00e9cole d&rsquo;ing\u00e9nieur en T\u00e9l\u00e9communications<\/a> pendant 2 ans.<\/p>\n<p>Julie aime lire des livres de science-fiction, des articles sur les modes de vie plus respectueux de l&rsquo;environnement, ainsi que se renseigner sur les nouvelles technologies qui pourraient aider \u00e0 rendre notre plan\u00e8te plus durable.<\/p>\n\t\t\t\t<img decoding=\"async\" data-src=\"https:\/\/defoortconsult.wpengine.com\/wp-content\/uploads\/2021\/03\/Large-hero-half-profile-right.jpg\" alt=\"Large-hero-half-profile-right\" itemprop=\"image\" title=\"Large-hero-half-profile-right\" onerror=\"this.style.display='none'\" src=\"data:image\/svg+xml;base64,PHN2ZyB3aWR0aD0iMSIgaGVpZ2h0PSIxIiB4bWxucz0iaHR0cDovL3d3dy53My5vcmcvMjAwMC9zdmciPjwvc3ZnPg==\" class=\"lazyload\" \/>\n<h2>\n\t\tCe que disent Nos Clients\n\t<\/h2>\n\t\t\t\t<img decoding=\"async\" data-src=\"https:\/\/defoort.wpengine.com\/wp-content\/uploads\/2021\/03\/Defoort-Icon-quote.png\" alt=\"Defoort-Icon-quote\" itemprop=\"image\" title=\"Defoort-Icon-quote\" onerror=\"this.style.display='none'\" src=\"data:image\/svg+xml;base64,PHN2ZyB3aWR0aD0iMSIgaGVpZ2h0PSIxIiB4bWxucz0iaHR0cDovL3d3dy53My5vcmcvMjAwMC9zdmciPjwvc3ZnPg==\" class=\"lazyload\" \/>\n\t<p>\u00ab\u00a0Julie Defoort est tr\u00e8s fiable et comprend bien les dimensions scientifiques et commerciales de nos demandes. Elle fournit des services de haute qualit\u00e9 et fait de son mieux pour apporter une valeur suppl\u00e9mentaire en effectuant ou en proposant de mani\u00e8re proactive des recherches et des sources d&rsquo;informations suppl\u00e9mentaires. Elle prend rapidement en charge nos sujets et probl\u00e9matiques. J&rsquo;utilise les services de Defoort Consultant pour faire face aux fluctuations de ressources humaines dans mon \u00e9quipe, en ayant l&rsquo;assurance de maintenir la qualit\u00e9 de nos services.\u00a0\u00bb<\/p>\n<p><strong>Responsable Etudes &amp; Documentation Scientifique, Biotechnologie Industrielle<\/strong><\/p>\n\t\t\t\t<img decoding=\"async\" data-src=\"https:\/\/defoort.wpengine.com\/wp-content\/uploads\/2021\/03\/Defoort-Icon-quote.png\" alt=\"Defoort-Icon-quote\" itemprop=\"image\" title=\"Defoort-Icon-quote\" onerror=\"this.style.display='none'\" src=\"data:image\/svg+xml;base64,PHN2ZyB3aWR0aD0iMSIgaGVpZ2h0PSIxIiB4bWxucz0iaHR0cDovL3d3dy53My5vcmcvMjAwMC9zdmciPjwvc3ZnPg==\" class=\"lazyload\" \/>\n\t<p>\u00ab\u00a0J&rsquo;aime partager des r\u00e9flexions, des exp\u00e9riences et confronter mes points de vue avec Julie. Elle sugg\u00e8re souvent des am\u00e9liorations et partage proactivement des informations pertinentes, y compris au-del\u00e0 du p\u00e9rim\u00e8tre de veille initial.\u00a0\u00bb<\/p>\n<p><strong>Analyste en Intelligence Economique, Industrie Agroalimentaire<\/strong><\/p>\n<h2>\n\t\tDerni\u00e8res Nouvelles sur Notre Blog\n\t<\/h2>\n<h2>\n\t\tIci pour vous aider.\n\t<\/h2>\n<h4>\n\t\tConsultation GRATUITE de 30 minutes\u00a0par t\u00e9l\u00e9phone ou vid\u00e9o-conf\u00e9rence\n\t<\/h4>\n\t<p>Nous commen\u00e7ons toujours par prendre le temps de comprendre votre entreprise et vos exigences, afin de pouvoir proposer les meilleures solutions \u00e0 votre probl\u00e8me.<\/p>\n\t\t\t<a href=\"https:\/\/defoortconsultant.com\/fr\/contact\/\" target=\"_self\">\n\t\t\t\t\t\t\tR\u00e9servez votre consultation\n\t\t\t\t\t<\/a>\n<h2>\n\t\tRestez connect\u00e9s\n\t<\/h2>\n\t\t\t\t<img decoding=\"async\" data-src=\"https:\/\/defoort.wpengine.com\/wp-content\/uploads\/2021\/03\/Defoort-Icon-news.png\" alt=\"Defoort-Icon-nouvelles\" itemprop=\"image\" title=\"Defoort-Icon-nouvelles\" onerror=\"this.style.display='none'\" src=\"data:image\/svg+xml;base64,PHN2ZyB3aWR0aD0iMSIgaGVpZ2h0PSIxIiB4bWxucz0iaHR0cDovL3d3dy53My5vcmcvMjAwMC9zdmciPjwvc3ZnPg==\" class=\"lazyload\" \/>\n\t<p>Abonnez-vous \u00e0 notre newsletter.<\/p>\n<p>Avec plus de 10 ans d&rsquo;exp\u00e9rience en intelligence technologique, nous aidons les entreprises de biotechnologie \u00e0 identifier et analyser les informations pertinentes sur les technologies \u00e9mergentes et les tendances du march\u00e9.<\/p>\n\n","protected":false},"excerpt":{"rendered":"<p>Votre Expert Defoort Consultant g\u00e8re des projets d&rsquo;Intelligence Scientifique et Concurrentielle depuis plus de 10 ans. Gr\u00e2ce \u00e0 nos services d&rsquo;Intelligence Technologique et Concurrentielle, nous vous conseillons, travaillons en partenariat avec vous et vous formons, de mani\u00e8re \u00e0 ce que vous acc\u00e9diez aux connaissances n\u00e9cessaires au d\u00e9veloppement de votre entreprise. R\u00e9servez votre consultation Notre Histoire &#8230; <a title=\"A propos\" class=\"read-more\" href=\"https:\/\/defoortconsultant.com\/fr\/a-propos\/\" aria-label=\"En savoir plus sur A propos\">Lire plus<\/a><\/p>\n","protected":false},"author":1,"featured_media":0,"parent":0,"menu_order":0,"comment_status":"closed","ping_status":"closed","template":"","meta":{"footnotes":""},"class_list":["post-47824","page","type-page","status-publish"],"yoast_head":"<!-- This site is optimized with the Yoast SEO plugin v27.4 - https:\/\/yoast.com\/product\/yoast-seo-wordpress\/ -->\n<title>Services d&#039;Intelligence Scientifique et Concurrentiel<\/title>\n<meta name=\"description\" content=\"Services d&#039;intelligence scientifique et concurrentiel. Mettre en place de l&#039;intelligence scientifique et concurrentielle.\" \/>\n<meta name=\"robots\" content=\"index, follow, max-snippet:-1, max-image-preview:large, max-video-preview:-1\" \/>\n<link rel=\"canonical\" href=\"https:\/\/defoortconsultant.com\/fr\/a-propos\/\" \/>\n<meta property=\"og:locale\" content=\"fr_FR\" \/>\n<meta property=\"og:type\" content=\"article\" \/>\n<meta property=\"og:title\" content=\"Services d&#039;Intelligence Scientifique et Concurrentiel\" \/>\n<meta property=\"og:description\" content=\"Services d&#039;intelligence scientifique et concurrentiel. Mettre en place de l&#039;intelligence scientifique et concurrentielle.\" \/>\n<meta property=\"og:url\" content=\"https:\/\/defoortconsultant.com\/fr\/a-propos\/\" \/>\n<meta property=\"og:site_name\" content=\"Defoort Consultant\" \/>\n<meta property=\"article:modified_time\" content=\"2025-04-02T10:42:03+00:00\" \/>\n<meta property=\"og:image\" content=\"https:\/\/defoortconsult.wpengine.com\/wp-content\/uploads\/2021\/03\/half-page-profile-3.png\" \/>\n<meta name=\"twitter:card\" content=\"summary_large_image\" \/>\n<meta name=\"twitter:label1\" content=\"Dur\u00e9e de lecture estim\u00e9e\" \/>\n\t<meta name=\"twitter:data1\" content=\"3 minutes\" \/>\n<script type=\"application\/ld+json\" class=\"yoast-schema-graph\">{\"@context\":\"https:\\\/\\\/schema.org\",\"@graph\":[{\"@type\":\"WebPage\",\"@id\":\"https:\\\/\\\/defoortconsultant.com\\\/fr\\\/a-propos\\\/\",\"url\":\"https:\\\/\\\/defoortconsultant.com\\\/fr\\\/a-propos\\\/\",\"name\":\"Services d'Intelligence Scientifique et Concurrentiel\",\"isPartOf\":{\"@id\":\"https:\\\/\\\/defoortconsultant.com\\\/fr\\\/#website\"},\"primaryImageOfPage\":{\"@id\":\"https:\\\/\\\/defoortconsultant.com\\\/fr\\\/a-propos\\\/#primaryimage\"},\"image\":{\"@id\":\"https:\\\/\\\/defoortconsultant.com\\\/fr\\\/a-propos\\\/#primaryimage\"},\"thumbnailUrl\":\"https:\\\/\\\/defoortconsult.wpengine.com\\\/wp-content\\\/uploads\\\/2021\\\/03\\\/half-page-profile-3.png\",\"datePublished\":\"2021-07-12T15:41:10+00:00\",\"dateModified\":\"2025-04-02T10:42:03+00:00\",\"description\":\"Services d'intelligence scientifique et concurrentiel. Mettre en place de l'intelligence scientifique et concurrentielle.\",\"breadcrumb\":{\"@id\":\"https:\\\/\\\/defoortconsultant.com\\\/fr\\\/a-propos\\\/#breadcrumb\"},\"inLanguage\":\"fr-FR\",\"potentialAction\":[{\"@type\":\"ReadAction\",\"target\":[\"https:\\\/\\\/defoortconsultant.com\\\/fr\\\/a-propos\\\/\"]}]},{\"@type\":\"ImageObject\",\"inLanguage\":\"fr-FR\",\"@id\":\"https:\\\/\\\/defoortconsultant.com\\\/fr\\\/a-propos\\\/#primaryimage\",\"url\":\"https:\\\/\\\/defoortconsult.wpengine.com\\\/wp-content\\\/uploads\\\/2021\\\/03\\\/half-page-profile-3.png\",\"contentUrl\":\"https:\\\/\\\/defoortconsult.wpengine.com\\\/wp-content\\\/uploads\\\/2021\\\/03\\\/half-page-profile-3.png\"},{\"@type\":\"BreadcrumbList\",\"@id\":\"https:\\\/\\\/defoortconsultant.com\\\/fr\\\/a-propos\\\/#breadcrumb\",\"itemListElement\":[{\"@type\":\"ListItem\",\"position\":1,\"name\":\"Home\",\"item\":\"https:\\\/\\\/defoortconsultant.com\\\/fr\\\/\"},{\"@type\":\"ListItem\",\"position\":2,\"name\":\"A propos\"}]},{\"@type\":\"WebSite\",\"@id\":\"https:\\\/\\\/defoortconsultant.com\\\/fr\\\/#website\",\"url\":\"https:\\\/\\\/defoortconsultant.com\\\/fr\\\/\",\"name\":\"Defoort Consultant\",\"description\":\"Scientific Competitive Intelligence\",\"publisher\":{\"@id\":\"https:\\\/\\\/defoortconsultant.com\\\/fr\\\/#organization\"},\"potentialAction\":[{\"@type\":\"SearchAction\",\"target\":{\"@type\":\"EntryPoint\",\"urlTemplate\":\"https:\\\/\\\/defoortconsultant.com\\\/fr\\\/?s={search_term_string}\"},\"query-input\":{\"@type\":\"PropertyValueSpecification\",\"valueRequired\":true,\"valueName\":\"search_term_string\"}}],\"inLanguage\":\"fr-FR\"},{\"@type\":\"Organization\",\"@id\":\"https:\\\/\\\/defoortconsultant.com\\\/fr\\\/#organization\",\"name\":\"Defoort Consultant\",\"url\":\"https:\\\/\\\/defoortconsultant.com\\\/fr\\\/\",\"logo\":{\"@type\":\"ImageObject\",\"inLanguage\":\"fr-FR\",\"@id\":\"https:\\\/\\\/defoortconsultant.com\\\/fr\\\/#\\\/schema\\\/logo\\\/image\\\/\",\"url\":\"https:\\\/\\\/defoortconsultant.com\\\/wp-content\\\/uploads\\\/2021\\\/03\\\/defoort-logo-sml.png\",\"contentUrl\":\"https:\\\/\\\/defoortconsultant.com\\\/wp-content\\\/uploads\\\/2021\\\/03\\\/defoort-logo-sml.png\",\"width\":350,\"height\":97,\"caption\":\"Defoort Consultant\"},\"image\":{\"@id\":\"https:\\\/\\\/defoortconsultant.com\\\/fr\\\/#\\\/schema\\\/logo\\\/image\\\/\"}}]}<\/script>\n<!-- \/ Yoast SEO plugin. -->","yoast_head_json":{"title":"Services d'Intelligence Scientifique et Concurrentiel","description":"Services d'intelligence scientifique et concurrentiel. Mettre en place de l'intelligence scientifique et concurrentielle.","robots":{"index":"index","follow":"follow","max-snippet":"max-snippet:-1","max-image-preview":"max-image-preview:large","max-video-preview":"max-video-preview:-1"},"canonical":"https:\/\/defoortconsultant.com\/fr\/a-propos\/","og_locale":"fr_FR","og_type":"article","og_title":"Services d'Intelligence Scientifique et Concurrentiel","og_description":"Services d'intelligence scientifique et concurrentiel. Mettre en place de l'intelligence scientifique et concurrentielle.","og_url":"https:\/\/defoortconsultant.com\/fr\/a-propos\/","og_site_name":"Defoort Consultant","article_modified_time":"2025-04-02T10:42:03+00:00","og_image":[{"url":"https:\/\/defoortconsult.wpengine.com\/wp-content\/uploads\/2021\/03\/half-page-profile-3.png","type":"","width":"","height":""}],"twitter_card":"summary_large_image","twitter_misc":{"Dur\u00e9e de lecture estim\u00e9e":"3 minutes"},"schema":{"@context":"https:\/\/schema.org","@graph":[{"@type":"WebPage","@id":"https:\/\/defoortconsultant.com\/fr\/a-propos\/","url":"https:\/\/defoortconsultant.com\/fr\/a-propos\/","name":"Services d'Intelligence Scientifique et Concurrentiel","isPartOf":{"@id":"https:\/\/defoortconsultant.com\/fr\/#website"},"primaryImageOfPage":{"@id":"https:\/\/defoortconsultant.com\/fr\/a-propos\/#primaryimage"},"image":{"@id":"https:\/\/defoortconsultant.com\/fr\/a-propos\/#primaryimage"},"thumbnailUrl":"https:\/\/defoortconsult.wpengine.com\/wp-content\/uploads\/2021\/03\/half-page-profile-3.png","datePublished":"2021-07-12T15:41:10+00:00","dateModified":"2025-04-02T10:42:03+00:00","description":"Services d'intelligence scientifique et concurrentiel. Mettre en place de l'intelligence scientifique et concurrentielle.","breadcrumb":{"@id":"https:\/\/defoortconsultant.com\/fr\/a-propos\/#breadcrumb"},"inLanguage":"fr-FR","potentialAction":[{"@type":"ReadAction","target":["https:\/\/defoortconsultant.com\/fr\/a-propos\/"]}]},{"@type":"ImageObject","inLanguage":"fr-FR","@id":"https:\/\/defoortconsultant.com\/fr\/a-propos\/#primaryimage","url":"https:\/\/defoortconsult.wpengine.com\/wp-content\/uploads\/2021\/03\/half-page-profile-3.png","contentUrl":"https:\/\/defoortconsult.wpengine.com\/wp-content\/uploads\/2021\/03\/half-page-profile-3.png"},{"@type":"BreadcrumbList","@id":"https:\/\/defoortconsultant.com\/fr\/a-propos\/#breadcrumb","itemListElement":[{"@type":"ListItem","position":1,"name":"Home","item":"https:\/\/defoortconsultant.com\/fr\/"},{"@type":"ListItem","position":2,"name":"A propos"}]},{"@type":"WebSite","@id":"https:\/\/defoortconsultant.com\/fr\/#website","url":"https:\/\/defoortconsultant.com\/fr\/","name":"Defoort Consultant","description":"Scientific Competitive Intelligence","publisher":{"@id":"https:\/\/defoortconsultant.com\/fr\/#organization"},"potentialAction":[{"@type":"SearchAction","target":{"@type":"EntryPoint","urlTemplate":"https:\/\/defoortconsultant.com\/fr\/?s={search_term_string}"},"query-input":{"@type":"PropertyValueSpecification","valueRequired":true,"valueName":"search_term_string"}}],"inLanguage":"fr-FR"},{"@type":"Organization","@id":"https:\/\/defoortconsultant.com\/fr\/#organization","name":"Defoort Consultant","url":"https:\/\/defoortconsultant.com\/fr\/","logo":{"@type":"ImageObject","inLanguage":"fr-FR","@id":"https:\/\/defoortconsultant.com\/fr\/#\/schema\/logo\/image\/","url":"https:\/\/defoortconsultant.com\/wp-content\/uploads\/2021\/03\/defoort-logo-sml.png","contentUrl":"https:\/\/defoortconsultant.com\/wp-content\/uploads\/2021\/03\/defoort-logo-sml.png","width":350,"height":97,"caption":"Defoort Consultant"},"image":{"@id":"https:\/\/defoortconsultant.com\/fr\/#\/schema\/logo\/image\/"}}]}},"_links":{"self":[{"href":"https:\/\/defoortconsultant.com\/fr\/wp-json\/wp\/v2\/pages\/47824","targetHints":{"allow":["GET"]}}],"collection":[{"href":"https:\/\/defoortconsultant.com\/fr\/wp-json\/wp\/v2\/pages"}],"about":[{"href":"https:\/\/defoortconsultant.com\/fr\/wp-json\/wp\/v2\/types\/page"}],"author":[{"embeddable":true,"href":"https:\/\/defoortconsultant.com\/fr\/wp-json\/wp\/v2\/users\/1"}],"replies":[{"embeddable":true,"href":"https:\/\/defoortconsultant.com\/fr\/wp-json\/wp\/v2\/comments?post=47824"}],"version-history":[{"count":0,"href":"https:\/\/defoortconsultant.com\/fr\/wp-json\/wp\/v2\/pages\/47824\/revisions"}],"wp:attachment":[{"href":"https:\/\/defoortconsultant.com\/fr\/wp-json\/wp\/v2\/media?parent=47824"}],"curies":[{"name":"wp","href":"https:\/\/api.w.org\/{rel}","templated":true}]}}