{"id":47825,"date":"2021-07-13T11:13:02","date_gmt":"2021-07-13T11:13:02","guid":{"rendered":"https:\/\/defoortconsultant.com\/formation-en-intelligence-economique\/"},"modified":"2025-04-02T10:41:41","modified_gmt":"2025-04-02T10:41:41","slug":"formation-en-intelligence-economique","status":"publish","type":"page","link":"https:\/\/defoortconsultant.com\/fr\/formation-en-intelligence-economique\/","title":{"rendered":"Formation Intelligence Economique"},"content":{"rendered":"\n<h1>\n\t\tFormation Intelligence Economique\n\t<\/h1>\n\t<p>Gr\u00e2ce \u00e0 nos services d&rsquo;Intelligence Technologique et Concurrentielle, nous vous conseillons, travaillons en partenariat avec vous et vous formons, de mani\u00e8re \u00e0 ce que vous acc\u00e9diez aux connaissances n\u00e9cessaires au d\u00e9veloppement de votre entreprise.<\/p>\n\t\t\t<a href=\"https:\/\/defoortconsultant.com\/fr\/contact\/\" target=\"_self\">\n\t\t\t\t\t\t\tR\u00e9servez VOTRE FORMATION\n\t\t\t\t\t<\/a>\n<h2>\n\t\tComment pouvons-nous vous aider?\n\t<\/h2>\n<h4>\n\t\tDefoort Consultant partage avec vous son expertise en veille strat\u00e9gique au travers de formations modulables et d&rsquo;ateliers adapt\u00e9s \u00e0 votre organisation. \n\t<\/h4>\n<h3>\n\t\tUne offre adapt\u00e9e \u00e0 votre organisation\n\t<\/h3>\n\t<p>Nous adaptons nos ateliers de formation pour r\u00e9pondre au contexte de votre organisation et de votre industrie. Nos formations sont d\u00e9livr\u00e9es en fran\u00e7ais et en anglais par Julie Defoort et sont personnalis\u00e9es selon vos besoins.<\/p>\n<p>Julie offre ces formations dans un format flexible appel\u00e9 \u00ab\u00a0blended learning\u00a0\u00bb. Ce format inclut des supports de formation th\u00e9oriques pr\u00e9-enrgistr\u00e9s et des sessions interactives en classe virtuelle (avec Yammer, slack ou Teams).<\/p>\n<p>Dans le cadre du parcours complet de formation \u00ab\u00a0LES FONDAMENTAUX DE LA VEILLE STRATEGIQUE\u00a0\u00bb, Julie permet \u00e0 chaque participant d&rsquo;interagir avec elle quotidiennement sur un forum de discussion priv\u00e9 (avec Yammer, Slack ou Teams).<\/p>\n\t\t\t\t<img decoding=\"async\" data-src=\"https:\/\/defoort.wpengine.com\/wp-content\/uploads\/2021\/04\/half-page-workshop-2.png\" alt=\"half-page-workshop-2\" itemprop=\"image\" title=\"half-page-workshop-2\" onerror=\"this.style.display='none'\" src=\"data:image\/svg+xml;base64,PHN2ZyB3aWR0aD0iMSIgaGVpZ2h0PSIxIiB4bWxucz0iaHR0cDovL3d3dy53My5vcmcvMjAwMC9zdmciPjwvc3ZnPg==\" class=\"lazyload\" \/>\n<h4>\n\t\tUne Formatrice Experte en Veille Strat\u00e9gique pour vous Accompagner\n\t<\/h4>\n\t\t\t\t<img decoding=\"async\" data-src=\"https:\/\/defoortconsult.wpengine.com\/wp-content\/uploads\/2021\/03\/half-page-profile-3.png\" alt=\"half-page-profile-3\" itemprop=\"image\" title=\"half-page-profile-3\" onerror=\"this.style.display='none'\" src=\"data:image\/svg+xml;base64,PHN2ZyB3aWR0aD0iMSIgaGVpZ2h0PSIxIiB4bWxucz0iaHR0cDovL3d3dy53My5vcmcvMjAwMC9zdmciPjwvc3ZnPg==\" class=\"lazyload\" \/>\n\t<p>Tous nos ateliers de formation sont cr\u00e9\u00e9s et d\u00e9livr\u00e9s par Julie Defoort.<\/p>\n<p>Julie est de nationalit\u00e9 fran\u00e7aise et vit au Royaume-Uni depuis 2016. Elle a travaill\u00e9 pendant plus de 10 ans dans le secteur des biotechnologies et a d\u00e9velopp\u00e9 une expertise en intelligence scientifique et concurrentielle.<\/p>\n<p>Elle a tenu des r\u00f4les cl\u00e9s dans les domaines de la documentation et de la veille technologique, de la formation et de la communication technique, ainsi que le de la veille concurrentielle.<\/p>\n<p>Julie a \u00e9galement enseign\u00e9 les m\u00e9thodes et outils de veille en \u00e9cole d&rsquo;ing\u00e9nieur en T\u00e9l\u00e9communications pendant 2 ans.<\/p>\n<h3>\n\t\tPourquoi se Former \u00e0 la Veille Strat\u00e9gique?\n\t<\/h3>\n\t\t\t\t<img decoding=\"async\" data-src=\"https:\/\/defoort.wpengine.com\/wp-content\/uploads\/2021\/05\/Why-Take-Training-in-Competitive-Intelligence.png\" alt=\"Pourquoi suivre une formation \u00e0 la veille strat\u00e9gique ?\" itemprop=\"image\" title=\"Pourquoi suivre une formation \u00e0 la veille strat\u00e9gique ?\" onerror=\"this.style.display='none'\" src=\"data:image\/svg+xml;base64,PHN2ZyB3aWR0aD0iMSIgaGVpZ2h0PSIxIiB4bWxucz0iaHR0cDovL3d3dy53My5vcmcvMjAwMC9zdmciPjwvc3ZnPg==\" class=\"lazyload\" \/>\n\t<p>Aujourd&rsquo;hui, tout le monde \u00ab\u00a0veille\u00a0\u00bb, que ce soit en visitant r\u00e9guli\u00e8rement les sites web des concurrents, en collectant des plaquettes sur les stands d&rsquo;un salon professionnel ou en envoyant un courriel aux collaborateurs sur une news d\u00e9tect\u00e9e dans la presse.<\/p>\n<p>Pourtant, nos clients nous rapportent souvent les m\u00eames difficult\u00e9s :<\/p>\n<ul>\n<li>Manque de temps<\/li>\n<li>Trop d&rsquo;informations<\/li>\n<li>Absence d&rsquo;outil ou de connaissances sur les solutions existantes<\/li>\n<li>Manque de connaissances pour structurer efficacement la veille<\/li>\n<li>Sentiment que les informations communiqu\u00e9es ne sont pas prises en compte<\/li>\n<li>Impression de veiller dans son coin, aspiration \u00e0 plus d&rsquo;intelligence collective<\/li>\n<\/ul>\n<p>Si vous vous trouvez face \u00e0 ces difficult\u00e9s, Julie Defoort peut vous accompagner. Nos formations couvrent les fondamentaux de la veille strat\u00e9gique. Alors que certaines de nos formations s&rsquo;adressent aux d\u00e9butants, d&rsquo;autres requi\u00e8rent de ma\u00eetriser les concepts et processus de veille strat\u00e9gique et d&rsquo;intelligence \u00e9conomique.<\/p>\n<p>Nous ne d\u00e9livrons nos formations et ateliers aupr\u00e8s de plusieurs clients en m\u00eame temps, \u00e0 moins qu&rsquo;il s&rsquo;agisse d&rsquo;une demande sp\u00e9cifique de nos particpants. En mati\u00e8re d&rsquo;intelligence \u00e9conomique, la confiance et la discr\u00e9tion sont cl\u00e9s. C&rsquo;est pourquoi nos formations en entreprise sont encadr\u00e9es par un accord de confidentialit\u00e9.<\/p>\n<h2>\n\t\tIci pour vous aider.\n\t<\/h2>\n<h4>\n\t\tConsultation GRATUITE de 30 minutes\u00a0par t\u00e9l\u00e9phone ou vid\u00e9o-conf\u00e9rence\n\t<\/h4>\n\t<p>Nous commen\u00e7ons toujours par prendre le temps de comprendre votre entreprise et vos exigences, afin de pouvoir proposer les meilleures solutions \u00e0 votre probl\u00e8me.<\/p>\n\t\t\t<a href=\"https:\/\/defoortconsultant.com\/fr\/contact\/\" target=\"_self\">\n\t\t\t\t\t\t\tR\u00e9servez votre consultation\n\t\t\t\t\t<\/a>\n<h2>\n\t\tRestez connect\u00e9s\n\t<\/h2>\n\t\t\t\t<img decoding=\"async\" data-src=\"https:\/\/defoort.wpengine.com\/wp-content\/uploads\/2021\/03\/Defoort-Icon-news.png\" alt=\"Defoort-Icon-nouvelles\" itemprop=\"image\" title=\"Defoort-Icon-nouvelles\" onerror=\"this.style.display='none'\" src=\"data:image\/svg+xml;base64,PHN2ZyB3aWR0aD0iMSIgaGVpZ2h0PSIxIiB4bWxucz0iaHR0cDovL3d3dy53My5vcmcvMjAwMC9zdmciPjwvc3ZnPg==\" class=\"lazyload\" \/>\n\t<p>Abonnez-vous \u00e0 notre newsletter.<\/p>\n<p>Avec plus de 10 ans d&rsquo;exp\u00e9rience en intelligence technologique, nous aidons les entreprises de biotechnologie \u00e0 identifier et analyser les informations pertinentes sur les technologies \u00e9mergentes et les tendances du march\u00e9.<\/p>\n\n","protected":false},"excerpt":{"rendered":"<p>Formation Intelligence Economique Gr\u00e2ce \u00e0 nos services d&rsquo;Intelligence Technologique et Concurrentielle, nous vous conseillons, travaillons en partenariat avec vous et vous formons, de mani\u00e8re \u00e0 ce que vous acc\u00e9diez aux connaissances n\u00e9cessaires au d\u00e9veloppement de votre entreprise. R\u00e9servez VOTRE FORMATION Comment pouvons-nous vous aider? Defoort Consultant partage avec vous son expertise en veille strat\u00e9gique au &#8230; <a title=\"Formation Intelligence Economique\" class=\"read-more\" href=\"https:\/\/defoortconsultant.com\/fr\/formation-en-intelligence-economique\/\" aria-label=\"En savoir plus sur Formation Intelligence Economique\">Lire plus<\/a><\/p>\n","protected":false},"author":1,"featured_media":0,"parent":0,"menu_order":0,"comment_status":"closed","ping_status":"closed","template":"","meta":{"footnotes":""},"class_list":["post-47825","page","type-page","status-publish"],"yoast_head":"<!-- This site is optimized with the Yoast SEO plugin v27.3 - https:\/\/yoast.com\/product\/yoast-seo-wordpress\/ -->\n<title>Formation Intelligence Economique - Defoort Consultant<\/title>\n<meta name=\"description\" content=\"Gr\u00e2ce \u00e0 nos services d&#039;Intelligence Technologique et Concurrentielle, nous vous conseillons, travaillons en partenariat avec vous et vous formons.\" \/>\n<meta name=\"robots\" content=\"index, follow, max-snippet:-1, max-image-preview:large, max-video-preview:-1\" \/>\n<link rel=\"canonical\" href=\"https:\/\/defoortconsultant.com\/fr\/formation-en-intelligence-economique\/\" \/>\n<meta property=\"og:locale\" content=\"fr_FR\" \/>\n<meta property=\"og:type\" content=\"article\" \/>\n<meta property=\"og:title\" content=\"Formation Intelligence Economique - Defoort Consultant\" \/>\n<meta property=\"og:description\" content=\"Gr\u00e2ce \u00e0 nos services d&#039;Intelligence Technologique et Concurrentielle, nous vous conseillons, travaillons en partenariat avec vous et vous formons.\" \/>\n<meta property=\"og:url\" content=\"https:\/\/defoortconsultant.com\/fr\/formation-en-intelligence-economique\/\" \/>\n<meta property=\"og:site_name\" content=\"Defoort Consultant\" \/>\n<meta property=\"article:modified_time\" content=\"2025-04-02T10:41:41+00:00\" \/>\n<meta property=\"og:image\" content=\"https:\/\/defoort.wpengine.com\/wp-content\/uploads\/2021\/04\/half-page-workshop-2.png\" \/>\n<meta name=\"twitter:card\" content=\"summary_large_image\" \/>\n<meta name=\"twitter:label1\" content=\"Dur\u00e9e de lecture estim\u00e9e\" \/>\n\t<meta name=\"twitter:data1\" content=\"4 minutes\" \/>\n<script type=\"application\/ld+json\" class=\"yoast-schema-graph\">{\"@context\":\"https:\\\/\\\/schema.org\",\"@graph\":[{\"@type\":\"WebPage\",\"@id\":\"https:\\\/\\\/defoortconsultant.com\\\/fr\\\/formation-en-intelligence-economique\\\/\",\"url\":\"https:\\\/\\\/defoortconsultant.com\\\/fr\\\/formation-en-intelligence-economique\\\/\",\"name\":\"Formation Intelligence Economique - Defoort Consultant\",\"isPartOf\":{\"@id\":\"https:\\\/\\\/defoortconsultant.com\\\/fr\\\/#website\"},\"primaryImageOfPage\":{\"@id\":\"https:\\\/\\\/defoortconsultant.com\\\/fr\\\/formation-en-intelligence-economique\\\/#primaryimage\"},\"image\":{\"@id\":\"https:\\\/\\\/defoortconsultant.com\\\/fr\\\/formation-en-intelligence-economique\\\/#primaryimage\"},\"thumbnailUrl\":\"https:\\\/\\\/defoort.wpengine.com\\\/wp-content\\\/uploads\\\/2021\\\/04\\\/half-page-workshop-2.png\",\"datePublished\":\"2021-07-13T11:13:02+00:00\",\"dateModified\":\"2025-04-02T10:41:41+00:00\",\"description\":\"Gr\u00e2ce \u00e0 nos services d'Intelligence Technologique et Concurrentielle, nous vous conseillons, travaillons en partenariat avec vous et vous formons.\",\"breadcrumb\":{\"@id\":\"https:\\\/\\\/defoortconsultant.com\\\/fr\\\/formation-en-intelligence-economique\\\/#breadcrumb\"},\"inLanguage\":\"fr-FR\",\"potentialAction\":[{\"@type\":\"ReadAction\",\"target\":[\"https:\\\/\\\/defoortconsultant.com\\\/fr\\\/formation-en-intelligence-economique\\\/\"]}]},{\"@type\":\"ImageObject\",\"inLanguage\":\"fr-FR\",\"@id\":\"https:\\\/\\\/defoortconsultant.com\\\/fr\\\/formation-en-intelligence-economique\\\/#primaryimage\",\"url\":\"https:\\\/\\\/defoort.wpengine.com\\\/wp-content\\\/uploads\\\/2021\\\/04\\\/half-page-workshop-2.png\",\"contentUrl\":\"https:\\\/\\\/defoort.wpengine.com\\\/wp-content\\\/uploads\\\/2021\\\/04\\\/half-page-workshop-2.png\"},{\"@type\":\"BreadcrumbList\",\"@id\":\"https:\\\/\\\/defoortconsultant.com\\\/fr\\\/formation-en-intelligence-economique\\\/#breadcrumb\",\"itemListElement\":[{\"@type\":\"ListItem\",\"position\":1,\"name\":\"Home\",\"item\":\"https:\\\/\\\/defoortconsultant.com\\\/fr\\\/\"},{\"@type\":\"ListItem\",\"position\":2,\"name\":\"Formation Intelligence Economique\"}]},{\"@type\":\"WebSite\",\"@id\":\"https:\\\/\\\/defoortconsultant.com\\\/fr\\\/#website\",\"url\":\"https:\\\/\\\/defoortconsultant.com\\\/fr\\\/\",\"name\":\"Defoort Consultant\",\"description\":\"Scientific Competitive Intelligence\",\"publisher\":{\"@id\":\"https:\\\/\\\/defoortconsultant.com\\\/fr\\\/#organization\"},\"potentialAction\":[{\"@type\":\"SearchAction\",\"target\":{\"@type\":\"EntryPoint\",\"urlTemplate\":\"https:\\\/\\\/defoortconsultant.com\\\/fr\\\/?s={search_term_string}\"},\"query-input\":{\"@type\":\"PropertyValueSpecification\",\"valueRequired\":true,\"valueName\":\"search_term_string\"}}],\"inLanguage\":\"fr-FR\"},{\"@type\":\"Organization\",\"@id\":\"https:\\\/\\\/defoortconsultant.com\\\/fr\\\/#organization\",\"name\":\"Defoort Consultant\",\"url\":\"https:\\\/\\\/defoortconsultant.com\\\/fr\\\/\",\"logo\":{\"@type\":\"ImageObject\",\"inLanguage\":\"fr-FR\",\"@id\":\"https:\\\/\\\/defoortconsultant.com\\\/fr\\\/#\\\/schema\\\/logo\\\/image\\\/\",\"url\":\"https:\\\/\\\/defoortconsultant.com\\\/wp-content\\\/uploads\\\/2021\\\/03\\\/defoort-logo-sml.png\",\"contentUrl\":\"https:\\\/\\\/defoortconsultant.com\\\/wp-content\\\/uploads\\\/2021\\\/03\\\/defoort-logo-sml.png\",\"width\":350,\"height\":97,\"caption\":\"Defoort Consultant\"},\"image\":{\"@id\":\"https:\\\/\\\/defoortconsultant.com\\\/fr\\\/#\\\/schema\\\/logo\\\/image\\\/\"}}]}<\/script>\n<!-- \/ Yoast SEO plugin. -->","yoast_head_json":{"title":"Formation Intelligence Economique - Defoort Consultant","description":"Gr\u00e2ce \u00e0 nos services d'Intelligence Technologique et Concurrentielle, nous vous conseillons, travaillons en partenariat avec vous et vous formons.","robots":{"index":"index","follow":"follow","max-snippet":"max-snippet:-1","max-image-preview":"max-image-preview:large","max-video-preview":"max-video-preview:-1"},"canonical":"https:\/\/defoortconsultant.com\/fr\/formation-en-intelligence-economique\/","og_locale":"fr_FR","og_type":"article","og_title":"Formation Intelligence Economique - Defoort Consultant","og_description":"Gr\u00e2ce \u00e0 nos services d'Intelligence Technologique et Concurrentielle, nous vous conseillons, travaillons en partenariat avec vous et vous formons.","og_url":"https:\/\/defoortconsultant.com\/fr\/formation-en-intelligence-economique\/","og_site_name":"Defoort Consultant","article_modified_time":"2025-04-02T10:41:41+00:00","og_image":[{"url":"https:\/\/defoort.wpengine.com\/wp-content\/uploads\/2021\/04\/half-page-workshop-2.png","type":"","width":"","height":""}],"twitter_card":"summary_large_image","twitter_misc":{"Dur\u00e9e de lecture estim\u00e9e":"4 minutes"},"schema":{"@context":"https:\/\/schema.org","@graph":[{"@type":"WebPage","@id":"https:\/\/defoortconsultant.com\/fr\/formation-en-intelligence-economique\/","url":"https:\/\/defoortconsultant.com\/fr\/formation-en-intelligence-economique\/","name":"Formation Intelligence Economique - Defoort Consultant","isPartOf":{"@id":"https:\/\/defoortconsultant.com\/fr\/#website"},"primaryImageOfPage":{"@id":"https:\/\/defoortconsultant.com\/fr\/formation-en-intelligence-economique\/#primaryimage"},"image":{"@id":"https:\/\/defoortconsultant.com\/fr\/formation-en-intelligence-economique\/#primaryimage"},"thumbnailUrl":"https:\/\/defoort.wpengine.com\/wp-content\/uploads\/2021\/04\/half-page-workshop-2.png","datePublished":"2021-07-13T11:13:02+00:00","dateModified":"2025-04-02T10:41:41+00:00","description":"Gr\u00e2ce \u00e0 nos services d'Intelligence Technologique et Concurrentielle, nous vous conseillons, travaillons en partenariat avec vous et vous formons.","breadcrumb":{"@id":"https:\/\/defoortconsultant.com\/fr\/formation-en-intelligence-economique\/#breadcrumb"},"inLanguage":"fr-FR","potentialAction":[{"@type":"ReadAction","target":["https:\/\/defoortconsultant.com\/fr\/formation-en-intelligence-economique\/"]}]},{"@type":"ImageObject","inLanguage":"fr-FR","@id":"https:\/\/defoortconsultant.com\/fr\/formation-en-intelligence-economique\/#primaryimage","url":"https:\/\/defoort.wpengine.com\/wp-content\/uploads\/2021\/04\/half-page-workshop-2.png","contentUrl":"https:\/\/defoort.wpengine.com\/wp-content\/uploads\/2021\/04\/half-page-workshop-2.png"},{"@type":"BreadcrumbList","@id":"https:\/\/defoortconsultant.com\/fr\/formation-en-intelligence-economique\/#breadcrumb","itemListElement":[{"@type":"ListItem","position":1,"name":"Home","item":"https:\/\/defoortconsultant.com\/fr\/"},{"@type":"ListItem","position":2,"name":"Formation Intelligence Economique"}]},{"@type":"WebSite","@id":"https:\/\/defoortconsultant.com\/fr\/#website","url":"https:\/\/defoortconsultant.com\/fr\/","name":"Defoort Consultant","description":"Scientific Competitive Intelligence","publisher":{"@id":"https:\/\/defoortconsultant.com\/fr\/#organization"},"potentialAction":[{"@type":"SearchAction","target":{"@type":"EntryPoint","urlTemplate":"https:\/\/defoortconsultant.com\/fr\/?s={search_term_string}"},"query-input":{"@type":"PropertyValueSpecification","valueRequired":true,"valueName":"search_term_string"}}],"inLanguage":"fr-FR"},{"@type":"Organization","@id":"https:\/\/defoortconsultant.com\/fr\/#organization","name":"Defoort Consultant","url":"https:\/\/defoortconsultant.com\/fr\/","logo":{"@type":"ImageObject","inLanguage":"fr-FR","@id":"https:\/\/defoortconsultant.com\/fr\/#\/schema\/logo\/image\/","url":"https:\/\/defoortconsultant.com\/wp-content\/uploads\/2021\/03\/defoort-logo-sml.png","contentUrl":"https:\/\/defoortconsultant.com\/wp-content\/uploads\/2021\/03\/defoort-logo-sml.png","width":350,"height":97,"caption":"Defoort Consultant"},"image":{"@id":"https:\/\/defoortconsultant.com\/fr\/#\/schema\/logo\/image\/"}}]}},"_links":{"self":[{"href":"https:\/\/defoortconsultant.com\/fr\/wp-json\/wp\/v2\/pages\/47825","targetHints":{"allow":["GET"]}}],"collection":[{"href":"https:\/\/defoortconsultant.com\/fr\/wp-json\/wp\/v2\/pages"}],"about":[{"href":"https:\/\/defoortconsultant.com\/fr\/wp-json\/wp\/v2\/types\/page"}],"author":[{"embeddable":true,"href":"https:\/\/defoortconsultant.com\/fr\/wp-json\/wp\/v2\/users\/1"}],"replies":[{"embeddable":true,"href":"https:\/\/defoortconsultant.com\/fr\/wp-json\/wp\/v2\/comments?post=47825"}],"version-history":[{"count":0,"href":"https:\/\/defoortconsultant.com\/fr\/wp-json\/wp\/v2\/pages\/47825\/revisions"}],"wp:attachment":[{"href":"https:\/\/defoortconsultant.com\/fr\/wp-json\/wp\/v2\/media?parent=47825"}],"curies":[{"name":"wp","href":"https:\/\/api.w.org\/{rel}","templated":true}]}}