{"id":47830,"date":"2021-07-23T09:18:40","date_gmt":"2021-07-23T09:18:40","guid":{"rendered":"https:\/\/defoortconsultant.com\/ateliers-de-veille-concurrentielle\/"},"modified":"2025-04-02T10:41:22","modified_gmt":"2025-04-02T10:41:22","slug":"ateliers-de-veille-concurrentielle","status":"publish","type":"page","link":"https:\/\/defoortconsultant.com\/fr\/ateliers-de-veille-concurrentielle\/","title":{"rendered":"Workshops Veille Strat\u00e9gique"},"content":{"rendered":"\n<h1>\n\t\tWorkshops Veille Strat\u00e9gique\n\t<\/h1>\n\t<p>Julie Defoort a cr\u00e9\u00e9 une formation flexible et adapt\u00e9e \u00e0 vos besoins, incluant cinq workshops<\/p>\n\t\t\t<a href=\"https:\/\/defoortconsultant.com\/fr\/contact\/\" target=\"_self\">\n\t\t\t\t\t\t\tR\u00e9servez un workshop\n\t\t\t\t\t<\/a>\n<h2>\n\t\tLes Fondamentaux de la Veille Strat\u00e9gique\n\t<\/h2>\n\t<p>Julie Defoort a cr\u00e9\u00e9 pour vous un parcours de formation \u00e0 la veille strat\u00e9gique modulable et compos\u00e9 de 5 ateliers<\/p>\nAtelier 1 : Introduction \u00e0 la veille strat\u00e9gique en entreprise<br \/>\nAtelier 2 : G\u00e9rer la veille strat\u00e9gique en mode projet<br \/>\nAtelier 3 : S\u00e9lectionner ses sources et collecter efficacement l&rsquo;information<br \/>\nAtelier 4 : Analyser la veille strat\u00e9gique pour transformer l&rsquo;information en l&rsquo;intelligence strat\u00e9gique<br \/>\nAtelier 5 : Capitaliser et communiquer la veille strat\u00e9gique : Savoir cibler et se faire entendre\n\t<p>En fonction de vos besoins, vous pouvez choisir le parcours complet ou vous pouvez s\u00e9lectionner un ou plusieurs ateliers de votre choix.<\/p>\n<p>Ces ateliers de formation vous permettent de mettre en place votre veille strat\u00e9gique \u00e9tape par \u00e9tape.<\/p>\n<p>Julie Defoort est \u00e9galement \u00e0 votre \u00e9coute pour d\u00e9velopper des formations sur-mesure et approfondir d&rsquo;autres sujets li\u00e9s \u00e0 la veille strat\u00e9gique (veille technologique, veille sur les r\u00e9seaux sociaux, etc.).<\/p>\n\t\t\t\t<img decoding=\"async\" data-src=\"https:\/\/defoort.wpengine.com\/wp-content\/uploads\/2021\/04\/half-page-workshop-1.png\" alt=\"half-page-workshop-1\" itemprop=\"image\" title=\"half-page-workshop-1\" onerror=\"this.style.display='none'\" src=\"data:image\/svg+xml;base64,PHN2ZyB3aWR0aD0iMSIgaGVpZ2h0PSIxIiB4bWxucz0iaHR0cDovL3d3dy53My5vcmcvMjAwMC9zdmciPjwvc3ZnPg==\" class=\"lazyload\" \/>\n<h3>\n\t\tAtelier 1:<br \/> Introduction \u00e0 la veille strat\u00e9gique en entreprise\n\t<\/h3>\n\t<p>Il s&rsquo;agit du premier atelier du parcours de formation \u00ab Les fondamentaux de la veille strat\u00e9gique \u00bb. Il peut \u00eatre d\u00e9livr\u00e9 seul ou en combinaison avec d&rsquo;autres ateliers de Formation.<\/p>\n<strong>Objectifs<br \/>\n<\/strong>Cet atelier introduit les concepts d&rsquo;intelligence \u00e9conomique et de veille strat\u00e9gique en entreprise. Les aspects organisationnels, collaboratifs et de pilotage de la veille strat\u00e9gique sont inclus dans cette formation.\n<strong>Pour qui?<br \/>\n<\/strong>Tout service de l&rsquo;entreprise souhaitant mettre en place une veille strat\u00e9gique ou souhaitant am\u00e9liorer les processus existants.\n<p>Exemples:<\/p>\n<ul>\n<li>R&amp;D<\/li>\n<li>Innovation<\/li>\n<li>Industriel<\/li>\n<li>Etudes\/Documentation scientifiques et techniques<\/li>\n<li>R\u00e9glementation<\/li>\n<li>Qualit\u00e9<\/li>\n<\/ul>\n<strong>Pr\u00e9requis<br \/>\n<\/strong>Aucun. Cet atelier de formation est adapt\u00e9 aux d\u00e9butants, tout comme aux pratiquants souhaitant structurer leur m\u00e9thodologie et\/ou repositionner la veille au sein de leur organisation.\n<strong>Dur\u00e9e<br \/>\n<\/strong>Cours th\u00e9orique (pr\u00e9-enregistr\u00e9) : 2h<br \/>\nClasse virtuelle : 1h30\n\t\t\t\t<img decoding=\"async\" data-src=\"https:\/\/defoort.wpengine.com\/wp-content\/uploads\/2021\/04\/half-page-workshop-2.png\" alt=\"half-page-workshop-2\" itemprop=\"image\" title=\"half-page-workshop-2\" onerror=\"this.style.display='none'\" src=\"data:image\/svg+xml;base64,PHN2ZyB3aWR0aD0iMSIgaGVpZ2h0PSIxIiB4bWxucz0iaHR0cDovL3d3dy53My5vcmcvMjAwMC9zdmciPjwvc3ZnPg==\" class=\"lazyload\" \/>\n<h3>\n\t\tAtelier 2:<br \/>G\u00e9rer la veille strat\u00e9gique en mode projet\n\t<\/h3>\n\t<p>Il s&rsquo;agit du deuxi\u00e8me atelier du parcours de formation \u00ab Les fondamentaux de la veille strat\u00e9gique \u00bb. Il peut \u00eatre d\u00e9livr\u00e9 seul ou en combinaison avec d&rsquo;autres ateliers. <\/p>\n<strong>Objectifs<\/strong><br \/>\nCet atelier couvre la premi\u00e8re \u00e9tape du cycle de veille \u00ab Les objectifs de la veille \u00bb. Il vous apporte des bases solides pour d\u00e9marrer votre projet de veille strat\u00e9gique. La premi\u00e8re \u00e9tape fondamentale que nous traitons dans cet atelier r\u00e9side dans le cadrage de cette activit\u00e9 et dans la compr\u00e9hension des besoins de vos clients internes. \n<strong>Pour qui?<\/strong><br \/>\nTout service de l&rsquo;entreprise souhaitant mettre en place une veille strat\u00e9gique ou souhaitant am\u00e9liorer les processus existants. \n<p>Exemples:<\/p>\n<ul>\n<li>R&amp;D<\/li>\n<li>Innovation<\/li>\n<li>Industriel<\/li>\n<li>Etudes\/Documentation scientifiques et techniques<\/li>\n<li>Etudes Marketing<\/li>\n<li>R\u00e9glementation<\/li>\n<li>Qualit\u00e9<\/li>\n<\/ul>\n<strong>Pr\u00e9requis<\/strong><br \/>\nConnaissance du concept et du processus de veille strat\u00e9gique. \n<p>Si vous ne disposez pas des bases th\u00e9oriques sur la veille strat\u00e9gique, nous vous recommandons de suivre<strong>l&rsquo;atelier de formation 1 \u00a0\u00bb Introduction \u00e0 la veille strat\u00e9gique en entreprise\u00a0\u00bb. <\/strong> <\/p>\n<strong>Dur\u00e9e<br \/>\n<\/strong>Cours th\u00e9orique (pr\u00e9-enregistr\u00e9) : 2h<br \/>\nClasse virtuelle: 1h\n\t\t\t\t<img decoding=\"async\" data-src=\"https:\/\/defoort.wpengine.com\/wp-content\/uploads\/2021\/03\/half-page-workshop3.png\" alt=\"half-page-workshop3\" itemprop=\"image\" title=\"half-page-workshop3\" onerror=\"this.style.display='none'\" src=\"data:image\/svg+xml;base64,PHN2ZyB3aWR0aD0iMSIgaGVpZ2h0PSIxIiB4bWxucz0iaHR0cDovL3d3dy53My5vcmcvMjAwMC9zdmciPjwvc3ZnPg==\" class=\"lazyload\" \/>\n<h3>\n\t\tAtelier 3:<br \/> S\u00e9lectionner ses sources et collecter efficacement l&rsquo;information\n\t<\/h3>\n\t<p>Il s&rsquo;agit du troisi\u00e8me atelier du parcours de formation \u00ab Les fondamentaux de la veille strat\u00e9gique \u00bb. Il peut \u00eatre d\u00e9livr\u00e9 seul ou en combinaison avec d&rsquo;autres ateliers.<\/p>\n<strong>Objectifs <\/strong><br \/>\nCet atelier couvre les \u00e9tapes de \u00ab Sourcing \u00bb et de \u00ab Collecte \u00bb du cycle de veille. Il vous donne les cl\u00e9s pour d\u00e9tecter, qualifier et mettre en surveillance les sources d&rsquo;information pertinentes pour r\u00e9pondre \u00e0 votre strat\u00e9gie. Notre objectif est de vous aider \u00e0 privil\u00e9gier la qualit\u00e9 versus la quantit\u00e9. Nous introduisons \u00e9galement des outils et bonnes pratiques pour gagner du temps lors de la collecte des informations.\n<strong>Pour qui? <\/strong><br \/>\nTout service de l&rsquo;entreprise souhaitant mettre en place une veille strat\u00e9gique ou souhaitant am\u00e9liorer les processus existants.\n<p>Exemples:<\/p>\n<ul>\n<li>R&amp;D<\/li>\n<li>Innovation<\/li>\n<li>Industriel<\/li>\n<li>Information Scientifique et Technologique\/Etudes Scientifiques<\/li>\n<li>Documentation<\/li>\n<li>Etudes Marketing<\/li>\n<li>R\u00e9glementation<\/li>\n<li>Qualit\u00e9<\/li>\n<\/ul>\n<strong>Pr\u00e9requis <\/strong><br \/>\nConnaissance du concept et du processus de veille strat\u00e9gique et objectifs de la veille d\u00e9finis.\n<p>Si vous ne disposez pas des bases th\u00e9oriques sur la veille strat\u00e9gique, nous vous recommandons de suivre l&rsquo;atelier de formation 1 \u00ab Introduction \u00e0 la veille strat\u00e9gique en entreprise \u00bb.<\/p>\n<p>Si vos objectifs de veille ne sont pas d\u00e9finis, nous vous recommandons de suivre <strong>l&rsquo;atelier de formation 2 \u00ab G\u00e9rer la veille strat\u00e9gique en mode projet \u00bb<\/strong>.<\/p>\n<strong>Dur\u00e9e<\/strong><br \/>\nCours th\u00e9orique (pr\u00e9-enregistr\u00e9) : 3h<br \/>\nClasse virtuelle : 1h30\n\t\t\t\t<img decoding=\"async\" data-src=\"https:\/\/defoort.wpengine.com\/wp-content\/uploads\/2021\/04\/half-page-workshop-3.png\" alt=\"half-page-workshop-3\" itemprop=\"image\" title=\"half-page-workshop-3\" onerror=\"this.style.display='none'\" src=\"data:image\/svg+xml;base64,PHN2ZyB3aWR0aD0iMSIgaGVpZ2h0PSIxIiB4bWxucz0iaHR0cDovL3d3dy53My5vcmcvMjAwMC9zdmciPjwvc3ZnPg==\" class=\"lazyload\" \/>\n<h3>\n\t\tAtelier 4:<br \/>Analyser la veille strat\u00e9gique pour transformer l&rsquo;information en intelligence strat\u00e9gique\n\t<\/h3>\n\t<p>Il s&rsquo;agit du quatri\u00e8me atelier du parcours de formation \u00ab Les fondamentaux de la veille strat\u00e9gique \u00bb. Il peut \u00eatre d\u00e9livr\u00e9 seul ou en combinaison avec d&rsquo;autres ateliers.<\/p>\n<strong>Objectifs <\/strong><br \/>\nCet atelier couvre l&rsquo;\u00e9tape d&rsquo;analyse de l&rsquo;information issue de la veille. Il introduit les diff\u00e9rents niveaux d&rsquo;analyse, des m\u00e9thodes d&rsquo;analyse fondamentale et des outils pour faciliter et\/ou compl\u00e9ter vos analyses.\n<strong>Pour qui? <\/strong><br \/>\nTout service de l&rsquo;entreprise souhaitant mettre en place une veille strat\u00e9gique ou souhaitant am\u00e9liorer les processus existants.\n<p>Exemples:<\/p>\n<ul>\n<li>R&amp;D<\/li>\n<li>Innovation<\/li>\n<li>Industriel<\/li>\n<li>Etudes\/Documentation scientifiques et techniques<\/li>\n<li>Etudes Marketing<\/li>\n<li>R\u00e9glementation<\/li>\n<li>Qualit\u00e9<\/li>\n<\/ul>\n<strong>Pr\u00e9requis <\/strong><br \/>\nConnaissance du concept et du processus de veille strat\u00e9gique.\n<p>Si vous ne disposez pas des bases th\u00e9oriques sur la veille strat\u00e9gique, nous vous recommandons de suivre <strong>l&rsquo;atelier de formation 1 \u00ab Introduction \u00e0 la veille strat\u00e9gique en entreprise \u00bb.<\/strong><\/p>\n<strong>Dur\u00e9e <\/strong><br \/>\nCours th\u00e9orique (pr\u00e9-enregistr\u00e9) : 3h<br \/>\nClasse virtuelle: 2 hours\n\t\t\t\t<img decoding=\"async\" data-src=\"https:\/\/defoort.wpengine.com\/wp-content\/uploads\/2021\/03\/half-page-workshop5.png\" alt=\"half-page-workshop5\" itemprop=\"image\" title=\"half-page-workshop5\" onerror=\"this.style.display='none'\" src=\"data:image\/svg+xml;base64,PHN2ZyB3aWR0aD0iMSIgaGVpZ2h0PSIxIiB4bWxucz0iaHR0cDovL3d3dy53My5vcmcvMjAwMC9zdmciPjwvc3ZnPg==\" class=\"lazyload\" \/>\n<h3>\n\t\tAtelier 5:<br \/> Capitaliser et communiquer la veille strat\u00e9gique : Savoir cibler et se faire entendre\n\t<\/h3>\n\t<p>Il s&rsquo;agit du cinqui\u00e8me atelier du parcours de formation \u00ab Les fondamentaux de la veille strat\u00e9gique \u00bb. Il peut \u00eatre d\u00e9livr\u00e9 seul ou en combinaison avec d&rsquo;autres ateliers.<\/p>\n<strong>Objectifs <\/strong><br \/>\nCet atelier couvre les \u00e9tapes de \u00ab Diffusion \u00bb et \u00ab Capitalisation \u00bb de la veille. Il vous aide \u00e0 comprendre vos clients internes et \u00e0 d\u00e9finir les m\u00e9thodes de communication adapt\u00e9e \u00e0 votre organisation. Il vous apporte \u00e9galement des bases sur la capitalisation des informations issues de la veille.\n<strong>Pour qui? <\/strong><br \/>\nTout service de l&rsquo;entreprise souhaitant mettre en place une veille strat\u00e9gique ou souhaitant am\u00e9liorer les processus existants.\n<p>Exemples:<\/p>\n<ul>\n<li>R&amp;D<\/li>\n<li>Innovation<\/li>\n<li>Industriel<\/li>\n<li>Information Scientifique et Technologique\/Etudes Scientifiques<\/li>\n<li>Documentation<\/li>\n<li>Etudes Marketing<\/li>\n<li>R\u00e9glementation<\/li>\n<li>Qualit\u00e9<\/li>\n<\/ul>\n<strong>Pr\u00e9requis <\/strong><br \/>\nConnaissance du concept et du processus de veille strat\u00e9gique.\n<p>Si vous ne disposez pas des bases th\u00e9oriques sur la veille strat\u00e9gique, nous vous recommandons de suivre<strong>l&rsquo;atelier de formation 1 \u00ab Introduction \u00e0 la veille strat\u00e9gique en entreprise \u00bb.<\/strong><\/p>\n<strong>Dur\u00e9e <\/strong><br \/>\nCours th\u00e9orique (pr\u00e9-enregistr\u00e9) : 2h<br \/>\nClasse virtuelle: 1h\n\t\t\t\t<img decoding=\"async\" data-src=\"https:\/\/defoort.wpengine.com\/wp-content\/uploads\/2021\/03\/half-page-profile-3.png\" alt=\"half-page-profile-3\" itemprop=\"image\" title=\"half-page-profile-3\" onerror=\"this.style.display='none'\" src=\"data:image\/svg+xml;base64,PHN2ZyB3aWR0aD0iMSIgaGVpZ2h0PSIxIiB4bWxucz0iaHR0cDovL3d3dy53My5vcmcvMjAwMC9zdmciPjwvc3ZnPg==\" class=\"lazyload\" \/>\n<h3>\n\t\tBesoin d&rsquo;aller plus loin?\n\t<\/h3>\n\t<p>Manquez-vous de ressources pour explorer votre environnement technologique et concurrentiel? Avez-vous besoins de ressources temporaires ou d&rsquo;expertises suppl\u00e9mentaires? Consultez notre service d&rsquo;intelligence technologique.<\/p>\n\t\t\t<a href=\"https:\/\/defoortconsultant.com\/fr\/service-dintelligence-technologique\/\" target=\"_self\">\n\t\t\t\t\t\t\tService d&rsquo;intelligence technologique\n\t\t\t<\/a>\n<h4>\n\t\tConsultation GRATUITE de 30 minutes\u00a0\n\t<\/h4>\n\t<p>Nous prenons toujours le temps de comprendre votre organisation et vos besoins, afin de vous proposer les meilleures solutions \u00e0 vos probl\u00e8mes. Nous offrons une <strong>Consultation GRATUITE de 30 minutes<\/strong> par t\u00e9l\u00e9phone ou vid\u00e9o conf\u00e9rence.<\/p>\n\t\t\t<a href=\"https:\/\/defoortconsultant.com\/fr\/contact\/\" target=\"_self\">\n\t\t\t\t\t\t\tR\u00e9servez votre consultation\n\t\t\t\t\t<\/a>\n<h2>\n\t\tRestez connect\u00e9s\n\t<\/h2>\n\t\t\t\t<img decoding=\"async\" data-src=\"https:\/\/defoort.wpengine.com\/wp-content\/uploads\/2021\/03\/Defoort-Icon-news.png\" alt=\"Defoort-Icon-nouvelles\" itemprop=\"image\" title=\"Defoort-Icon-nouvelles\" onerror=\"this.style.display='none'\" src=\"data:image\/svg+xml;base64,PHN2ZyB3aWR0aD0iMSIgaGVpZ2h0PSIxIiB4bWxucz0iaHR0cDovL3d3dy53My5vcmcvMjAwMC9zdmciPjwvc3ZnPg==\" class=\"lazyload\" \/>\n\t<p>Abonnez-vous \u00e0 notre newsletter.<\/p>\n<p>Avec plus de 10 ans d&rsquo;exp\u00e9rience en intelligence technologique, nous aidons les entreprises de biotechnologie \u00e0 identifier et analyser les informations pertinentes sur les technologies \u00e9mergentes et les tendances du march\u00e9.<\/p>\n\n","protected":false},"excerpt":{"rendered":"<p>Workshops Veille Strat\u00e9gique Julie Defoort a cr\u00e9\u00e9 une formation flexible et adapt\u00e9e \u00e0 vos besoins, incluant cinq workshops R\u00e9servez un workshop Les Fondamentaux de la Veille Strat\u00e9gique Julie Defoort a cr\u00e9\u00e9 pour vous un parcours de formation \u00e0 la veille strat\u00e9gique modulable et compos\u00e9 de 5 ateliers Atelier 1 : Introduction \u00e0 la veille strat\u00e9gique &#8230; <a title=\"Workshops Veille Strat\u00e9gique\" class=\"read-more\" href=\"https:\/\/defoortconsultant.com\/fr\/ateliers-de-veille-concurrentielle\/\" aria-label=\"En savoir plus sur Workshops Veille Strat\u00e9gique\">Lire plus<\/a><\/p>\n","protected":false},"author":1,"featured_media":0,"parent":0,"menu_order":0,"comment_status":"closed","ping_status":"closed","template":"","meta":{"footnotes":""},"class_list":["post-47830","page","type-page","status-publish"],"yoast_head":"<!-- This site is optimized with the Yoast SEO plugin v27.3 - https:\/\/yoast.com\/product\/yoast-seo-wordpress\/ -->\n<title>Workshops Veille Strat\u00e9gique<\/title>\n<meta name=\"description\" content=\"Workshops Veille Strat\u00e9gique une formation flexible et adapt\u00e9e \u00e0 vos besoins, incluant cinq workshops.\" \/>\n<meta name=\"robots\" content=\"index, follow, max-snippet:-1, max-image-preview:large, max-video-preview:-1\" \/>\n<link rel=\"canonical\" href=\"https:\/\/defoortconsultant.com\/fr\/ateliers-de-veille-concurrentielle\/\" \/>\n<meta property=\"og:locale\" content=\"fr_FR\" \/>\n<meta property=\"og:type\" content=\"article\" \/>\n<meta property=\"og:title\" content=\"Workshops Veille Strat\u00e9gique\" \/>\n<meta property=\"og:description\" content=\"Workshops Veille Strat\u00e9gique une formation flexible et adapt\u00e9e \u00e0 vos besoins, incluant cinq workshops.\" \/>\n<meta property=\"og:url\" content=\"https:\/\/defoortconsultant.com\/fr\/ateliers-de-veille-concurrentielle\/\" \/>\n<meta property=\"og:site_name\" content=\"Defoort Consultant\" \/>\n<meta property=\"article:modified_time\" content=\"2025-04-02T10:41:22+00:00\" \/>\n<meta property=\"og:image\" content=\"https:\/\/defoort.wpengine.com\/wp-content\/uploads\/2021\/04\/half-page-workshop-1.png\" \/>\n<meta name=\"twitter:card\" content=\"summary_large_image\" \/>\n<meta name=\"twitter:label1\" content=\"Dur\u00e9e de lecture estim\u00e9e\" \/>\n\t<meta name=\"twitter:data1\" content=\"6 minutes\" \/>\n<script type=\"application\/ld+json\" class=\"yoast-schema-graph\">{\"@context\":\"https:\\\/\\\/schema.org\",\"@graph\":[{\"@type\":\"WebPage\",\"@id\":\"https:\\\/\\\/defoortconsultant.com\\\/fr\\\/ateliers-de-veille-concurrentielle\\\/\",\"url\":\"https:\\\/\\\/defoortconsultant.com\\\/fr\\\/ateliers-de-veille-concurrentielle\\\/\",\"name\":\"Workshops Veille Strat\u00e9gique\",\"isPartOf\":{\"@id\":\"https:\\\/\\\/defoortconsultant.com\\\/fr\\\/#website\"},\"primaryImageOfPage\":{\"@id\":\"https:\\\/\\\/defoortconsultant.com\\\/fr\\\/ateliers-de-veille-concurrentielle\\\/#primaryimage\"},\"image\":{\"@id\":\"https:\\\/\\\/defoortconsultant.com\\\/fr\\\/ateliers-de-veille-concurrentielle\\\/#primaryimage\"},\"thumbnailUrl\":\"https:\\\/\\\/defoort.wpengine.com\\\/wp-content\\\/uploads\\\/2021\\\/04\\\/half-page-workshop-1.png\",\"datePublished\":\"2021-07-23T09:18:40+00:00\",\"dateModified\":\"2025-04-02T10:41:22+00:00\",\"description\":\"Workshops Veille Strat\u00e9gique une formation flexible et adapt\u00e9e \u00e0 vos besoins, incluant cinq workshops.\",\"breadcrumb\":{\"@id\":\"https:\\\/\\\/defoortconsultant.com\\\/fr\\\/ateliers-de-veille-concurrentielle\\\/#breadcrumb\"},\"inLanguage\":\"fr-FR\",\"potentialAction\":[{\"@type\":\"ReadAction\",\"target\":[\"https:\\\/\\\/defoortconsultant.com\\\/fr\\\/ateliers-de-veille-concurrentielle\\\/\"]}]},{\"@type\":\"ImageObject\",\"inLanguage\":\"fr-FR\",\"@id\":\"https:\\\/\\\/defoortconsultant.com\\\/fr\\\/ateliers-de-veille-concurrentielle\\\/#primaryimage\",\"url\":\"https:\\\/\\\/defoort.wpengine.com\\\/wp-content\\\/uploads\\\/2021\\\/04\\\/half-page-workshop-1.png\",\"contentUrl\":\"https:\\\/\\\/defoort.wpengine.com\\\/wp-content\\\/uploads\\\/2021\\\/04\\\/half-page-workshop-1.png\"},{\"@type\":\"BreadcrumbList\",\"@id\":\"https:\\\/\\\/defoortconsultant.com\\\/fr\\\/ateliers-de-veille-concurrentielle\\\/#breadcrumb\",\"itemListElement\":[{\"@type\":\"ListItem\",\"position\":1,\"name\":\"Home\",\"item\":\"https:\\\/\\\/defoortconsultant.com\\\/fr\\\/\"},{\"@type\":\"ListItem\",\"position\":2,\"name\":\"Workshops Veille Strat\u00e9gique\"}]},{\"@type\":\"WebSite\",\"@id\":\"https:\\\/\\\/defoortconsultant.com\\\/fr\\\/#website\",\"url\":\"https:\\\/\\\/defoortconsultant.com\\\/fr\\\/\",\"name\":\"Defoort Consultant\",\"description\":\"Scientific Competitive Intelligence\",\"publisher\":{\"@id\":\"https:\\\/\\\/defoortconsultant.com\\\/fr\\\/#organization\"},\"potentialAction\":[{\"@type\":\"SearchAction\",\"target\":{\"@type\":\"EntryPoint\",\"urlTemplate\":\"https:\\\/\\\/defoortconsultant.com\\\/fr\\\/?s={search_term_string}\"},\"query-input\":{\"@type\":\"PropertyValueSpecification\",\"valueRequired\":true,\"valueName\":\"search_term_string\"}}],\"inLanguage\":\"fr-FR\"},{\"@type\":\"Organization\",\"@id\":\"https:\\\/\\\/defoortconsultant.com\\\/fr\\\/#organization\",\"name\":\"Defoort Consultant\",\"url\":\"https:\\\/\\\/defoortconsultant.com\\\/fr\\\/\",\"logo\":{\"@type\":\"ImageObject\",\"inLanguage\":\"fr-FR\",\"@id\":\"https:\\\/\\\/defoortconsultant.com\\\/fr\\\/#\\\/schema\\\/logo\\\/image\\\/\",\"url\":\"https:\\\/\\\/defoortconsultant.com\\\/wp-content\\\/uploads\\\/2021\\\/03\\\/defoort-logo-sml.png\",\"contentUrl\":\"https:\\\/\\\/defoortconsultant.com\\\/wp-content\\\/uploads\\\/2021\\\/03\\\/defoort-logo-sml.png\",\"width\":350,\"height\":97,\"caption\":\"Defoort Consultant\"},\"image\":{\"@id\":\"https:\\\/\\\/defoortconsultant.com\\\/fr\\\/#\\\/schema\\\/logo\\\/image\\\/\"}}]}<\/script>\n<!-- \/ Yoast SEO plugin. -->","yoast_head_json":{"title":"Workshops Veille Strat\u00e9gique","description":"Workshops Veille Strat\u00e9gique une formation flexible et adapt\u00e9e \u00e0 vos besoins, incluant cinq workshops.","robots":{"index":"index","follow":"follow","max-snippet":"max-snippet:-1","max-image-preview":"max-image-preview:large","max-video-preview":"max-video-preview:-1"},"canonical":"https:\/\/defoortconsultant.com\/fr\/ateliers-de-veille-concurrentielle\/","og_locale":"fr_FR","og_type":"article","og_title":"Workshops Veille Strat\u00e9gique","og_description":"Workshops Veille Strat\u00e9gique une formation flexible et adapt\u00e9e \u00e0 vos besoins, incluant cinq workshops.","og_url":"https:\/\/defoortconsultant.com\/fr\/ateliers-de-veille-concurrentielle\/","og_site_name":"Defoort Consultant","article_modified_time":"2025-04-02T10:41:22+00:00","og_image":[{"url":"https:\/\/defoort.wpengine.com\/wp-content\/uploads\/2021\/04\/half-page-workshop-1.png","type":"","width":"","height":""}],"twitter_card":"summary_large_image","twitter_misc":{"Dur\u00e9e de lecture estim\u00e9e":"6 minutes"},"schema":{"@context":"https:\/\/schema.org","@graph":[{"@type":"WebPage","@id":"https:\/\/defoortconsultant.com\/fr\/ateliers-de-veille-concurrentielle\/","url":"https:\/\/defoortconsultant.com\/fr\/ateliers-de-veille-concurrentielle\/","name":"Workshops Veille Strat\u00e9gique","isPartOf":{"@id":"https:\/\/defoortconsultant.com\/fr\/#website"},"primaryImageOfPage":{"@id":"https:\/\/defoortconsultant.com\/fr\/ateliers-de-veille-concurrentielle\/#primaryimage"},"image":{"@id":"https:\/\/defoortconsultant.com\/fr\/ateliers-de-veille-concurrentielle\/#primaryimage"},"thumbnailUrl":"https:\/\/defoort.wpengine.com\/wp-content\/uploads\/2021\/04\/half-page-workshop-1.png","datePublished":"2021-07-23T09:18:40+00:00","dateModified":"2025-04-02T10:41:22+00:00","description":"Workshops Veille Strat\u00e9gique une formation flexible et adapt\u00e9e \u00e0 vos besoins, incluant cinq workshops.","breadcrumb":{"@id":"https:\/\/defoortconsultant.com\/fr\/ateliers-de-veille-concurrentielle\/#breadcrumb"},"inLanguage":"fr-FR","potentialAction":[{"@type":"ReadAction","target":["https:\/\/defoortconsultant.com\/fr\/ateliers-de-veille-concurrentielle\/"]}]},{"@type":"ImageObject","inLanguage":"fr-FR","@id":"https:\/\/defoortconsultant.com\/fr\/ateliers-de-veille-concurrentielle\/#primaryimage","url":"https:\/\/defoort.wpengine.com\/wp-content\/uploads\/2021\/04\/half-page-workshop-1.png","contentUrl":"https:\/\/defoort.wpengine.com\/wp-content\/uploads\/2021\/04\/half-page-workshop-1.png"},{"@type":"BreadcrumbList","@id":"https:\/\/defoortconsultant.com\/fr\/ateliers-de-veille-concurrentielle\/#breadcrumb","itemListElement":[{"@type":"ListItem","position":1,"name":"Home","item":"https:\/\/defoortconsultant.com\/fr\/"},{"@type":"ListItem","position":2,"name":"Workshops Veille Strat\u00e9gique"}]},{"@type":"WebSite","@id":"https:\/\/defoortconsultant.com\/fr\/#website","url":"https:\/\/defoortconsultant.com\/fr\/","name":"Defoort Consultant","description":"Scientific Competitive Intelligence","publisher":{"@id":"https:\/\/defoortconsultant.com\/fr\/#organization"},"potentialAction":[{"@type":"SearchAction","target":{"@type":"EntryPoint","urlTemplate":"https:\/\/defoortconsultant.com\/fr\/?s={search_term_string}"},"query-input":{"@type":"PropertyValueSpecification","valueRequired":true,"valueName":"search_term_string"}}],"inLanguage":"fr-FR"},{"@type":"Organization","@id":"https:\/\/defoortconsultant.com\/fr\/#organization","name":"Defoort Consultant","url":"https:\/\/defoortconsultant.com\/fr\/","logo":{"@type":"ImageObject","inLanguage":"fr-FR","@id":"https:\/\/defoortconsultant.com\/fr\/#\/schema\/logo\/image\/","url":"https:\/\/defoortconsultant.com\/wp-content\/uploads\/2021\/03\/defoort-logo-sml.png","contentUrl":"https:\/\/defoortconsultant.com\/wp-content\/uploads\/2021\/03\/defoort-logo-sml.png","width":350,"height":97,"caption":"Defoort Consultant"},"image":{"@id":"https:\/\/defoortconsultant.com\/fr\/#\/schema\/logo\/image\/"}}]}},"_links":{"self":[{"href":"https:\/\/defoortconsultant.com\/fr\/wp-json\/wp\/v2\/pages\/47830","targetHints":{"allow":["GET"]}}],"collection":[{"href":"https:\/\/defoortconsultant.com\/fr\/wp-json\/wp\/v2\/pages"}],"about":[{"href":"https:\/\/defoortconsultant.com\/fr\/wp-json\/wp\/v2\/types\/page"}],"author":[{"embeddable":true,"href":"https:\/\/defoortconsultant.com\/fr\/wp-json\/wp\/v2\/users\/1"}],"replies":[{"embeddable":true,"href":"https:\/\/defoortconsultant.com\/fr\/wp-json\/wp\/v2\/comments?post=47830"}],"version-history":[{"count":0,"href":"https:\/\/defoortconsultant.com\/fr\/wp-json\/wp\/v2\/pages\/47830\/revisions"}],"wp:attachment":[{"href":"https:\/\/defoortconsultant.com\/fr\/wp-json\/wp\/v2\/media?parent=47830"}],"curies":[{"name":"wp","href":"https:\/\/api.w.org\/{rel}","templated":true}]}}