{"id":47847,"date":"2021-07-27T17:11:59","date_gmt":"2021-07-27T17:11:59","guid":{"rendered":"https:\/\/defoortconsultant.com\/contact\/"},"modified":"2025-04-02T09:23:15","modified_gmt":"2025-04-02T09:23:15","slug":"contact","status":"publish","type":"page","link":"https:\/\/defoortconsultant.com\/fr\/contact\/","title":{"rendered":"Contact"},"content":{"rendered":"\n<h1>\n\t\tContactez-nous\n\t<\/h1>\n\t<p>Si vous avez des questions, n&rsquo;h\u00e9sitez pas \u00e0 contacter Defoort Consultant via le formulaire de contact.<\/p>\n<p>Nous offrons \u00e9galement une <strong>consultation en ligne GRATUITE de 30-minutes<\/strong> pour faire connaissance, comprendre vos besoins et d\u00e9finir les solutions potentielles pour d\u00e9marrer votre projet.<\/p>\n<h4>\n\t\tContactez-nous.\n\t<\/h4>\n\t<p>Vous pouvez joindre Defoort Consultant pendant les heures ouvr\u00e9es.<\/p>\n<h4>\n\t\tDites-nous en plus \u00e0 propos de votre projet.\n\t<\/h4>\n\t<p><em> * champ obligatoire<\/em><\/p>\n<p>Nous n&rsquo;aimons pas non plus les spams. Nous utiliserons vos donn\u00e9es exclusivement pour communiquer avec vous dans le cadre de votre requ\u00eate. Plus d&rsquo;information sur notre <a href=\"\/privacy-policy-terms-of-use\/\">politique de confidentialit\u00e9<\/a>.<\/p>\n\n","protected":false},"excerpt":{"rendered":"<p>Contactez-nous Si vous avez des questions, n&rsquo;h\u00e9sitez pas \u00e0 contacter Defoort Consultant via le formulaire de contact. Nous offrons \u00e9galement une consultation en ligne GRATUITE de 30-minutes pour faire connaissance, comprendre vos besoins et d\u00e9finir les solutions potentielles pour d\u00e9marrer votre projet. Contactez-nous. Vous pouvez joindre Defoort Consultant pendant les heures ouvr\u00e9es. Dites-nous en plus &#8230; <a title=\"Contact\" class=\"read-more\" href=\"https:\/\/defoortconsultant.com\/fr\/contact\/\" aria-label=\"En savoir plus sur Contact\">Lire plus<\/a><\/p>\n","protected":false},"author":1,"featured_media":0,"parent":0,"menu_order":0,"comment_status":"closed","ping_status":"closed","template":"","meta":{"footnotes":""},"class_list":["post-47847","page","type-page","status-publish"],"yoast_head":"<!-- This site is optimized with the Yoast SEO plugin v27.5 - https:\/\/yoast.com\/product\/yoast-seo-wordpress\/ -->\n<title>Expert Scientific and Competitive Intelligence Services<\/title>\n<meta name=\"description\" content=\"Defoort Consultant vous accompagne dans la conception et la mise en \u0153uvre de votre processus de veille strat\u00e9gique. Premi\u00e8re consultation en ligne GRATUITE de 30 minutes\" \/>\n<meta name=\"robots\" content=\"index, follow, max-snippet:-1, max-image-preview:large, max-video-preview:-1\" \/>\n<link rel=\"canonical\" href=\"https:\/\/defoortconsultant.com\/fr\/contact\/\" \/>\n<meta property=\"og:locale\" content=\"fr_FR\" \/>\n<meta property=\"og:type\" content=\"article\" \/>\n<meta property=\"og:title\" content=\"Expert Scientific and Competitive Intelligence Services\" \/>\n<meta property=\"og:description\" content=\"Defoort Consultant vous accompagne dans la conception et la mise en \u0153uvre de votre processus de veille strat\u00e9gique. Premi\u00e8re consultation en ligne GRATUITE de 30 minutes\" \/>\n<meta property=\"og:url\" content=\"https:\/\/defoortconsultant.com\/fr\/contact\/\" \/>\n<meta property=\"og:site_name\" content=\"Defoort Consultant\" \/>\n<meta property=\"article:modified_time\" content=\"2025-04-02T09:23:15+00:00\" \/>\n<meta name=\"twitter:card\" content=\"summary_large_image\" \/>\n<meta name=\"twitter:label1\" content=\"Dur\u00e9e de lecture estim\u00e9e\" \/>\n\t<meta name=\"twitter:data1\" content=\"1 minute\" \/>\n<script type=\"application\/ld+json\" class=\"yoast-schema-graph\">{\"@context\":\"https:\\\/\\\/schema.org\",\"@graph\":[{\"@type\":\"WebPage\",\"@id\":\"https:\\\/\\\/defoortconsultant.com\\\/fr\\\/contact\\\/\",\"url\":\"https:\\\/\\\/defoortconsultant.com\\\/fr\\\/contact\\\/\",\"name\":\"Expert Scientific and Competitive Intelligence Services\",\"isPartOf\":{\"@id\":\"https:\\\/\\\/defoortconsultant.com\\\/fr\\\/#website\"},\"datePublished\":\"2021-07-27T17:11:59+00:00\",\"dateModified\":\"2025-04-02T09:23:15+00:00\",\"description\":\"Defoort Consultant vous accompagne dans la conception et la mise en \u0153uvre de votre processus de veille strat\u00e9gique. Premi\u00e8re consultation en ligne GRATUITE de 30 minutes\",\"breadcrumb\":{\"@id\":\"https:\\\/\\\/defoortconsultant.com\\\/fr\\\/contact\\\/#breadcrumb\"},\"inLanguage\":\"fr-FR\",\"potentialAction\":[{\"@type\":\"ReadAction\",\"target\":[\"https:\\\/\\\/defoortconsultant.com\\\/fr\\\/contact\\\/\"]}]},{\"@type\":\"BreadcrumbList\",\"@id\":\"https:\\\/\\\/defoortconsultant.com\\\/fr\\\/contact\\\/#breadcrumb\",\"itemListElement\":[{\"@type\":\"ListItem\",\"position\":1,\"name\":\"Home\",\"item\":\"https:\\\/\\\/defoortconsultant.com\\\/fr\\\/\"},{\"@type\":\"ListItem\",\"position\":2,\"name\":\"Contact\"}]},{\"@type\":\"WebSite\",\"@id\":\"https:\\\/\\\/defoortconsultant.com\\\/fr\\\/#website\",\"url\":\"https:\\\/\\\/defoortconsultant.com\\\/fr\\\/\",\"name\":\"Defoort Consultant\",\"description\":\"Scientific Competitive Intelligence\",\"publisher\":{\"@id\":\"https:\\\/\\\/defoortconsultant.com\\\/fr\\\/#organization\"},\"potentialAction\":[{\"@type\":\"SearchAction\",\"target\":{\"@type\":\"EntryPoint\",\"urlTemplate\":\"https:\\\/\\\/defoortconsultant.com\\\/fr\\\/?s={search_term_string}\"},\"query-input\":{\"@type\":\"PropertyValueSpecification\",\"valueRequired\":true,\"valueName\":\"search_term_string\"}}],\"inLanguage\":\"fr-FR\"},{\"@type\":\"Organization\",\"@id\":\"https:\\\/\\\/defoortconsultant.com\\\/fr\\\/#organization\",\"name\":\"Defoort Consultant\",\"url\":\"https:\\\/\\\/defoortconsultant.com\\\/fr\\\/\",\"logo\":{\"@type\":\"ImageObject\",\"inLanguage\":\"fr-FR\",\"@id\":\"https:\\\/\\\/defoortconsultant.com\\\/fr\\\/#\\\/schema\\\/logo\\\/image\\\/\",\"url\":\"https:\\\/\\\/defoortconsultant.com\\\/wp-content\\\/uploads\\\/2021\\\/03\\\/defoort-logo-sml.png\",\"contentUrl\":\"https:\\\/\\\/defoortconsultant.com\\\/wp-content\\\/uploads\\\/2021\\\/03\\\/defoort-logo-sml.png\",\"width\":350,\"height\":97,\"caption\":\"Defoort Consultant\"},\"image\":{\"@id\":\"https:\\\/\\\/defoortconsultant.com\\\/fr\\\/#\\\/schema\\\/logo\\\/image\\\/\"}}]}<\/script>\n<!-- \/ Yoast SEO plugin. -->","yoast_head_json":{"title":"Expert Scientific and Competitive Intelligence Services","description":"Defoort Consultant vous accompagne dans la conception et la mise en \u0153uvre de votre processus de veille strat\u00e9gique. Premi\u00e8re consultation en ligne GRATUITE de 30 minutes","robots":{"index":"index","follow":"follow","max-snippet":"max-snippet:-1","max-image-preview":"max-image-preview:large","max-video-preview":"max-video-preview:-1"},"canonical":"https:\/\/defoortconsultant.com\/fr\/contact\/","og_locale":"fr_FR","og_type":"article","og_title":"Expert Scientific and Competitive Intelligence Services","og_description":"Defoort Consultant vous accompagne dans la conception et la mise en \u0153uvre de votre processus de veille strat\u00e9gique. Premi\u00e8re consultation en ligne GRATUITE de 30 minutes","og_url":"https:\/\/defoortconsultant.com\/fr\/contact\/","og_site_name":"Defoort Consultant","article_modified_time":"2025-04-02T09:23:15+00:00","twitter_card":"summary_large_image","twitter_misc":{"Dur\u00e9e de lecture estim\u00e9e":"1 minute"},"schema":{"@context":"https:\/\/schema.org","@graph":[{"@type":"WebPage","@id":"https:\/\/defoortconsultant.com\/fr\/contact\/","url":"https:\/\/defoortconsultant.com\/fr\/contact\/","name":"Expert Scientific and Competitive Intelligence Services","isPartOf":{"@id":"https:\/\/defoortconsultant.com\/fr\/#website"},"datePublished":"2021-07-27T17:11:59+00:00","dateModified":"2025-04-02T09:23:15+00:00","description":"Defoort Consultant vous accompagne dans la conception et la mise en \u0153uvre de votre processus de veille strat\u00e9gique. Premi\u00e8re consultation en ligne GRATUITE de 30 minutes","breadcrumb":{"@id":"https:\/\/defoortconsultant.com\/fr\/contact\/#breadcrumb"},"inLanguage":"fr-FR","potentialAction":[{"@type":"ReadAction","target":["https:\/\/defoortconsultant.com\/fr\/contact\/"]}]},{"@type":"BreadcrumbList","@id":"https:\/\/defoortconsultant.com\/fr\/contact\/#breadcrumb","itemListElement":[{"@type":"ListItem","position":1,"name":"Home","item":"https:\/\/defoortconsultant.com\/fr\/"},{"@type":"ListItem","position":2,"name":"Contact"}]},{"@type":"WebSite","@id":"https:\/\/defoortconsultant.com\/fr\/#website","url":"https:\/\/defoortconsultant.com\/fr\/","name":"Defoort Consultant","description":"Scientific Competitive Intelligence","publisher":{"@id":"https:\/\/defoortconsultant.com\/fr\/#organization"},"potentialAction":[{"@type":"SearchAction","target":{"@type":"EntryPoint","urlTemplate":"https:\/\/defoortconsultant.com\/fr\/?s={search_term_string}"},"query-input":{"@type":"PropertyValueSpecification","valueRequired":true,"valueName":"search_term_string"}}],"inLanguage":"fr-FR"},{"@type":"Organization","@id":"https:\/\/defoortconsultant.com\/fr\/#organization","name":"Defoort Consultant","url":"https:\/\/defoortconsultant.com\/fr\/","logo":{"@type":"ImageObject","inLanguage":"fr-FR","@id":"https:\/\/defoortconsultant.com\/fr\/#\/schema\/logo\/image\/","url":"https:\/\/defoortconsultant.com\/wp-content\/uploads\/2021\/03\/defoort-logo-sml.png","contentUrl":"https:\/\/defoortconsultant.com\/wp-content\/uploads\/2021\/03\/defoort-logo-sml.png","width":350,"height":97,"caption":"Defoort Consultant"},"image":{"@id":"https:\/\/defoortconsultant.com\/fr\/#\/schema\/logo\/image\/"}}]}},"_links":{"self":[{"href":"https:\/\/defoortconsultant.com\/fr\/wp-json\/wp\/v2\/pages\/47847","targetHints":{"allow":["GET"]}}],"collection":[{"href":"https:\/\/defoortconsultant.com\/fr\/wp-json\/wp\/v2\/pages"}],"about":[{"href":"https:\/\/defoortconsultant.com\/fr\/wp-json\/wp\/v2\/types\/page"}],"author":[{"embeddable":true,"href":"https:\/\/defoortconsultant.com\/fr\/wp-json\/wp\/v2\/users\/1"}],"replies":[{"embeddable":true,"href":"https:\/\/defoortconsultant.com\/fr\/wp-json\/wp\/v2\/comments?post=47847"}],"version-history":[{"count":0,"href":"https:\/\/defoortconsultant.com\/fr\/wp-json\/wp\/v2\/pages\/47847\/revisions"}],"wp:attachment":[{"href":"https:\/\/defoortconsultant.com\/fr\/wp-json\/wp\/v2\/media?parent=47847"}],"curies":[{"name":"wp","href":"https:\/\/api.w.org\/{rel}","templated":true}]}}