{"id":47848,"date":"2021-07-28T06:05:24","date_gmt":"2021-07-28T06:05:24","guid":{"rendered":"https:\/\/defoortconsultant.com\/intelligence-strategique\/"},"modified":"2025-04-02T10:40:09","modified_gmt":"2025-04-02T10:40:09","slug":"intelligence-strategique","status":"publish","type":"page","link":"https:\/\/defoortconsultant.com\/fr\/intelligence-strategique\/","title":{"rendered":"Intelligence Strat\u00e9gique"},"content":{"rendered":"\n<h1>\n\t\tServices d&rsquo;intelligence strat\u00e9gique\n\t<\/h1>\n<h2>\n\t\tDefoort Consultant g\u00e8re des projets d&rsquo;Intelligence Scientifique et Concurrentielle depuis plus de 10 ans.\n\t<\/h2>\n\t<p>Gr\u00e2ce \u00e0 nos services d&rsquo;intelligence technologique &amp; concurrentielle, nous pouvons vous conseiller, travailler avec vous et vous former, afin de vous donner acc\u00e8s au savoir n\u00e9cessaire au d\u00e9veloppement de votre organisation.<\/p>\n\t\t\t<a href=\"https:\/\/defoortconsultant.com\/fr\/contact\/\" target=\"_self\">\n\t\t\t\t\t\t\tR\u00e9servez votre consultation\n\t\t\t\t\t<\/a>\n<h2>\n\t\tNos Services d&rsquo;Intelligence Strat\u00e9gique\n\t<\/h2>\n\t\t\t\t<a href=\"https:\/\/defoortconsultant.com\/fr\/consulting-en-veille-technologique\/\"  target=\"_self\" itemprop=\"url\">\n\t\t\t\t<img decoding=\"async\" data-src=\"https:\/\/defoortconsultant.com\/wp-content\/uploads\/2021\/06\/new-Defoort-Services-Technology-Intelligence-Consulting.png\" alt=\"new-Defoort-Services-Technology-Intelligence-Consulting\" itemprop=\"image\" height=\"456\" width=\"500\" title=\"new-Defoort-Services-Technology-Intelligence-Consulting\" onerror=\"this.style.display='none'\" src=\"data:image\/svg+xml;base64,PHN2ZyB3aWR0aD0iMSIgaGVpZ2h0PSIxIiB4bWxucz0iaHR0cDovL3d3dy53My5vcmcvMjAwMC9zdmciPjwvc3ZnPg==\" class=\"lazyload\" style=\"--smush-placeholder-width: 500px; --smush-placeholder-aspect-ratio: 500\/456;\" \/>\n\t\t\t\t<\/a>\n<h3>\n\t\t<a href=\"https:\/\/defoortconsultant.com\/fr\/consulting-en-veille-technologique\/\" title=\"Consulting en Veille Technologique\"  target=\"_self\">\n\t\tConsulting en Veille Technologique\n\t\t<\/a>\n\t<\/h3>\n\t\t\t\t<a href=\"https:\/\/defoortconsultant.com\/fr\/service-dintelligence-technologique\/\"  target=\"_self\" itemprop=\"url\">\n\t\t\t\t<img decoding=\"async\" data-src=\"https:\/\/defoortconsultant.com\/wp-content\/uploads\/2021\/06\/Defoort-Services-Technology-Intelligence-Service.png\" alt=\"Defoort-Services-Technology-Intelligence-Service\" itemprop=\"image\" height=\"456\" width=\"500\" title=\"Defoort-Services-Technology-Intelligence-Service\" onerror=\"this.style.display='none'\" src=\"data:image\/svg+xml;base64,PHN2ZyB3aWR0aD0iMSIgaGVpZ2h0PSIxIiB4bWxucz0iaHR0cDovL3d3dy53My5vcmcvMjAwMC9zdmciPjwvc3ZnPg==\" class=\"lazyload\" style=\"--smush-placeholder-width: 500px; --smush-placeholder-aspect-ratio: 500\/456;\" \/>\n\t\t\t\t<\/a>\n<h3>\n\t\t<a href=\"https:\/\/defoortconsultant.com\/fr\/service-dintelligence-technologique\/\" title=\"Service d&#039;Intelligence Technologique\"  target=\"_self\">\n\t\tService d&rsquo;Intelligence Technologique\n\t\t<\/a>\n\t<\/h3>\n\t\t\t\t<a href=\"https:\/\/defoortconsultant.com\/fr\/formation-en-intelligence-economique\/\"  target=\"_self\" itemprop=\"url\">\n\t\t\t\t<img decoding=\"async\" data-src=\"https:\/\/defoortconsultant.com\/wp-content\/uploads\/2021\/05\/Defoort-Services-Competitive-Intelligence-Training-new.png\" alt=\"Defoort-Services-Competitive-Intelligence-Training-new\" itemprop=\"image\" height=\"456\" width=\"500\" title=\"Defoort-Services-Competitive-Intelligence-Training-new\" onerror=\"this.style.display='none'\" src=\"data:image\/svg+xml;base64,PHN2ZyB3aWR0aD0iMSIgaGVpZ2h0PSIxIiB4bWxucz0iaHR0cDovL3d3dy53My5vcmcvMjAwMC9zdmciPjwvc3ZnPg==\" class=\"lazyload\" style=\"--smush-placeholder-width: 500px; --smush-placeholder-aspect-ratio: 500\/456;\" \/>\n\t\t\t\t<\/a>\n<h3>\n\t\t<a href=\"https:\/\/defoortconsultant.com\/fr\/formation-en-intelligence-economique\/\" title=\"Formation Intelligence Economique\"  target=\"_self\">\n\t\tFormation Intelligence Economique\n\t\t<\/a>\n\t<\/h3>\n\t\t\t\t<a href=\"https:\/\/defoortconsultant.com\/fr\/ateliers-de-veille-concurrentielle\/\"  target=\"_self\" itemprop=\"url\">\n\t\t\t\t<img decoding=\"async\" data-src=\"https:\/\/defoortconsultant.com\/wp-content\/uploads\/2021\/04\/Defoort-Services-competitive-intelligence-workshops.png\" alt=\"Defoort-Services-competitive-intelligence-workshops\" itemprop=\"image\" height=\"456\" width=\"500\" title=\"Defoort-Services-competitive-intelligence-workshops\" onerror=\"this.style.display='none'\" src=\"data:image\/svg+xml;base64,PHN2ZyB3aWR0aD0iMSIgaGVpZ2h0PSIxIiB4bWxucz0iaHR0cDovL3d3dy53My5vcmcvMjAwMC9zdmciPjwvc3ZnPg==\" class=\"lazyload\" style=\"--smush-placeholder-width: 500px; --smush-placeholder-aspect-ratio: 500\/456;\" \/>\n\t\t\t\t<\/a>\n<h3>\n\t\t<a href=\"https:\/\/defoortconsultant.com\/fr\/ateliers-de-veille-concurrentielle\/\" title=\"Workshops Veille Strat\u00e9gique\"  target=\"_self\">\n\t\tWorkshops Veille Strat\u00e9gique\n\t\t<\/a>\n\t<\/h3>\n<h2>\n\t\tApporter de la Valeur aux Industries de Sp\u00e9cialit\u00e9\n\t<\/h2>\n\t\t\t\t<img decoding=\"async\" data-src=\"https:\/\/defoort.wpengine.com\/wp-content\/uploads\/2021\/03\/Defoort-Icon-blue-food-drinnk.png\" alt=\"Defoort-Icon-blue-food-drinnk\" itemprop=\"image\" title=\"Defoort-Icon-blue-food-drinnk\" onerror=\"this.style.display='none'\" src=\"data:image\/svg+xml;base64,PHN2ZyB3aWR0aD0iMSIgaGVpZ2h0PSIxIiB4bWxucz0iaHR0cDovL3d3dy53My5vcmcvMjAwMC9zdmciPjwvc3ZnPg==\" class=\"lazyload\" \/>\n<h3>\n\t\tSciences Alimentaires &amp; Nutrition\n\t<\/h3>\n\t\t\t\t<img decoding=\"async\" data-src=\"https:\/\/defoort.wpengine.com\/wp-content\/uploads\/2021\/03\/Defoort-Icon-blue-biotechnology.png\" alt=\"Defoort-Icon-blue-biotechnology\" itemprop=\"image\" title=\"Defoort-Icon-blue-biotechnology\" onerror=\"this.style.display='none'\" src=\"data:image\/svg+xml;base64,PHN2ZyB3aWR0aD0iMSIgaGVpZ2h0PSIxIiB4bWxucz0iaHR0cDovL3d3dy53My5vcmcvMjAwMC9zdmciPjwvc3ZnPg==\" class=\"lazyload\" \/>\n<h3>\n\t\tBiotechnologie Verte\n\t<\/h3>\n\t\t\t\t<img decoding=\"async\" data-src=\"https:\/\/defoort.wpengine.com\/wp-content\/uploads\/2021\/03\/Defoort-Icon-blue-animal-nutrition.png\" alt=\"Defoort-Icon-blue-animal-nutrition\" itemprop=\"image\" title=\"Defoort-Icon-blue-animal-nutrition\" onerror=\"this.style.display='none'\" src=\"data:image\/svg+xml;base64,PHN2ZyB3aWR0aD0iMSIgaGVpZ2h0PSIxIiB4bWxucz0iaHR0cDovL3d3dy53My5vcmcvMjAwMC9zdmciPjwvc3ZnPg==\" class=\"lazyload\" \/>\n<h3>\n\t\tNutrition &amp; Sant\u00e9 Animale\n\t<\/h3>\n\t\t\t\t<img decoding=\"async\" data-src=\"https:\/\/defoort.wpengine.com\/wp-content\/uploads\/2021\/04\/Defoort-Icon-blue-industrial-microbiology.png\" alt=\"Defoort-Icon-blue-industrial-microbiology\" itemprop=\"image\" title=\"Defoort-Icon-blue-industrial-microbiology\" onerror=\"this.style.display='none'\" src=\"data:image\/svg+xml;base64,PHN2ZyB3aWR0aD0iMSIgaGVpZ2h0PSIxIiB4bWxucz0iaHR0cDovL3d3dy53My5vcmcvMjAwMC9zdmciPjwvc3ZnPg==\" class=\"lazyload\" \/>\n<h3>\n\t\tMicroorganismes\n\t<\/h3>\n<h2>\n\t\tCe que disent Nos Clients\n\t<\/h2>\n\t\t\t\t<img decoding=\"async\" data-src=\"https:\/\/defoort.wpengine.com\/wp-content\/uploads\/2021\/03\/Defoort-Icon-quote.png\" alt=\"Defoort-Icon-quote\" itemprop=\"image\" title=\"Defoort-Icon-quote\" onerror=\"this.style.display='none'\" src=\"data:image\/svg+xml;base64,PHN2ZyB3aWR0aD0iMSIgaGVpZ2h0PSIxIiB4bWxucz0iaHR0cDovL3d3dy53My5vcmcvMjAwMC9zdmciPjwvc3ZnPg==\" class=\"lazyload\" \/>\n\t<p>\u00ab\u00a0Julie est capable de mixer habilement approche scientifique, marketing et concurrentielle pour r\u00e9pondre \u00e0 nos besoins. C&rsquo;est un vrai plus pour nous qui travaillons essentiellement avec des ing\u00e9nieurs de recherche. Nous n&rsquo;avons pas toujours le r\u00e9flexe de compl\u00e9ter nos \u00e9tudes et notre veille au-del\u00e0 de la documentation scientifique et technique. Julie sait nous guider de fa\u00e7on appropri\u00e9e, pertinente et efficace. Elle nous aide \u00e0 faire le lien entre les D\u00e9partements R&amp;D, Marketing et Prospective.\u00a0\u00bb<\/p>\n<p><strong>Officier de veille technologique, biotechnologie v\u00e9g\u00e9tale<\/strong><\/p>\n\t\t\t\t<img decoding=\"async\" data-src=\"https:\/\/defoort.wpengine.com\/wp-content\/uploads\/2021\/03\/Defoort-Icon-quote.png\" alt=\"Defoort-Icon-quote\" itemprop=\"image\" title=\"Defoort-Icon-quote\" onerror=\"this.style.display='none'\" src=\"data:image\/svg+xml;base64,PHN2ZyB3aWR0aD0iMSIgaGVpZ2h0PSIxIiB4bWxucz0iaHR0cDovL3d3dy53My5vcmcvMjAwMC9zdmciPjwvc3ZnPg==\" class=\"lazyload\" \/>\n\t<p>\u00ab\u00a0J&rsquo;aime partager des r\u00e9flexions, des exp\u00e9riences et confronter mes points de vue avec Julie. Elle sugg\u00e8re souvent des am\u00e9liorations et partage proactivement des informations pertinentes, y compris au-del\u00e0 du p\u00e9rim\u00e8tre de veille initial.\u00a0\u00bb<\/p>\n<strong>Responsable Intelligence Economique<br \/>\nIndustrie Agroalimentaire<\/strong>\n\t\t\t\t<img decoding=\"async\" data-src=\"https:\/\/defoort.wpengine.com\/wp-content\/uploads\/2021\/03\/Defoort-Icon-quote.png\" alt=\"Defoort-Icon-quote\" itemprop=\"image\" title=\"Defoort-Icon-quote\" onerror=\"this.style.display='none'\" src=\"data:image\/svg+xml;base64,PHN2ZyB3aWR0aD0iMSIgaGVpZ2h0PSIxIiB4bWxucz0iaHR0cDovL3d3dy53My5vcmcvMjAwMC9zdmciPjwvc3ZnPg==\" class=\"lazyload\" \/>\n\t<p>\u00a0\u00bb Julie est une experte qui ma\u00eetrise le processus de veille technologique de la d\u00e9finition du sujet \u00e0 la livraison des projets. J&rsquo;ai eu le plaisir de travailler avec elle en coaching individuel. Julie m&rsquo;a laiss\u00e9 agir tout en apportant son soutien. En outre, sa connaissance des outils disponibles aide \u00e0 identifier rapidement ceux qui sont les plus adapt\u00e9s. Et, puisque la vie n&rsquo;est pas un r\u00eave, elle travaille avec vous autour de vos contraintes pour faire encore un pas en avant. La meilleure fa\u00e7on pour commencer \u00e0 impl\u00e9menter un nouveau processus !\u00a0\u00bb<\/p>\n<p><strong>Responsable R&amp;D Nouveaux Produits Biotech, Sant\u00e9 &amp; Nutrition Animale<\/strong><\/p>\n<h2>\n\t\tIci pour vous aider.\n\t<\/h2>\n\t\t\t\t<img decoding=\"async\" data-src=\"https:\/\/defoortconsultant.com\/wp-content\/plugins\/bb-plugin\/img\/pixel.png\" alt=\"\" itemprop=\"image\" onerror=\"this.style.display='none'\" src=\"data:image\/svg+xml;base64,PHN2ZyB3aWR0aD0iMSIgaGVpZ2h0PSIxIiB4bWxucz0iaHR0cDovL3d3dy53My5vcmcvMjAwMC9zdmciPjwvc3ZnPg==\" class=\"lazyload\" style=\"--smush-placeholder-width: 3px; --smush-placeholder-aspect-ratio: 3\/2;\" \/>\n<h4>\n\t\tConsultation GRATUITE de 30 minutes par t\u00e9l\u00e9phone ou vid\u00e9o-conf\u00e9rence\n\t<\/h4>\n\t<p>Nous commen\u00e7ons toujours par prendre le temps de comprendre votre entreprise et vos exigences, afin de pouvoir proposer les meilleures solutions \u00e0 votre probl\u00e8me.<\/p>\n\t\t\t<a href=\"https:\/\/defoortconsultant.com\/fr\/contact\/\" target=\"_self\">\n\t\t\t\t\t\t\tR\u00e9servez votre consultation\n\t\t\t\t\t<\/a>\n<h2>\n\t\tRestez connect\u00e9s\n\t<\/h2>\n\t\t\t\t<img decoding=\"async\" data-src=\"https:\/\/defoort.wpengine.com\/wp-content\/uploads\/2021\/03\/Defoort-Icon-news.png\" alt=\"Defoort-Icon-nouvelles\" itemprop=\"image\" title=\"Defoort-Icon-nouvelles\" onerror=\"this.style.display='none'\" src=\"data:image\/svg+xml;base64,PHN2ZyB3aWR0aD0iMSIgaGVpZ2h0PSIxIiB4bWxucz0iaHR0cDovL3d3dy53My5vcmcvMjAwMC9zdmciPjwvc3ZnPg==\" class=\"lazyload\" \/>\n\t<p>Abonnez-vous \u00e0 notre newsletter.<\/p>\n<p>Avec plus de 10 ans d&rsquo;exp\u00e9rience en intelligence technologique, nous aidons les entreprises de biotechnologie \u00e0 identifier et analyser les informations pertinentes sur les technologies \u00e9mergentes et les tendances du march\u00e9.<\/p>\n\n","protected":false},"excerpt":{"rendered":"<p>Services d&rsquo;intelligence strat\u00e9gique Defoort Consultant g\u00e8re des projets d&rsquo;Intelligence Scientifique et Concurrentielle depuis plus de 10 ans. Gr\u00e2ce \u00e0 nos services d&rsquo;intelligence technologique &amp; concurrentielle, nous pouvons vous conseiller, travailler avec vous et vous former, afin de vous donner acc\u00e8s au savoir n\u00e9cessaire au d\u00e9veloppement de votre organisation. R\u00e9servez votre consultation Nos Services d&rsquo;Intelligence Strat\u00e9gique &#8230; <a title=\"Intelligence Strat\u00e9gique\" class=\"read-more\" href=\"https:\/\/defoortconsultant.com\/fr\/intelligence-strategique\/\" aria-label=\"En savoir plus sur Intelligence Strat\u00e9gique\">Lire plus<\/a><\/p>\n","protected":false},"author":1,"featured_media":0,"parent":0,"menu_order":0,"comment_status":"closed","ping_status":"closed","template":"","meta":{"footnotes":""},"class_list":["post-47848","page","type-page","status-publish"],"yoast_head":"<!-- This site is optimized with the Yoast SEO plugin v27.5 - https:\/\/yoast.com\/product\/yoast-seo-wordpress\/ -->\n<title>Service d&#039;Intelligence Strat\u00e9gique | Defoort Consultant<\/title>\n<meta name=\"description\" content=\"Services d&#039;intelligence technologique &amp; concurrentielle, nous pouvons vous conseiller, travailler avec vous et vous former, afin de vous donner acc\u00e8s au savoir n\u00e9cessaire au d\u00e9veloppement de votre organisation.\" \/>\n<meta name=\"robots\" content=\"index, follow, max-snippet:-1, max-image-preview:large, max-video-preview:-1\" \/>\n<link rel=\"canonical\" href=\"https:\/\/defoortconsultant.com\/fr\/intelligence-strategique\/\" \/>\n<meta property=\"og:locale\" content=\"fr_FR\" \/>\n<meta property=\"og:type\" content=\"article\" \/>\n<meta property=\"og:title\" content=\"Service d&#039;Intelligence Strat\u00e9gique | Defoort Consultant\" \/>\n<meta property=\"og:description\" content=\"Services d&#039;intelligence technologique &amp; concurrentielle, nous pouvons vous conseiller, travailler avec vous et vous former, afin de vous donner acc\u00e8s au savoir n\u00e9cessaire au d\u00e9veloppement de votre organisation.\" \/>\n<meta property=\"og:url\" content=\"https:\/\/defoortconsultant.com\/fr\/intelligence-strategique\/\" \/>\n<meta property=\"og:site_name\" content=\"Defoort Consultant\" \/>\n<meta property=\"article:modified_time\" content=\"2025-04-02T10:40:09+00:00\" \/>\n<meta property=\"og:image\" content=\"https:\/\/defoortconsultant.com\/wp-content\/uploads\/2021\/06\/new-Defoort-Services-Technology-Intelligence-Consulting.png\" \/>\n<meta name=\"twitter:card\" content=\"summary_large_image\" \/>\n<meta name=\"twitter:label1\" content=\"Dur\u00e9e de lecture estim\u00e9e\" \/>\n\t<meta name=\"twitter:data1\" content=\"5 minutes\" \/>\n<script type=\"application\/ld+json\" class=\"yoast-schema-graph\">{\"@context\":\"https:\\\/\\\/schema.org\",\"@graph\":[{\"@type\":\"WebPage\",\"@id\":\"https:\\\/\\\/defoortconsultant.com\\\/fr\\\/intelligence-strategique\\\/\",\"url\":\"https:\\\/\\\/defoortconsultant.com\\\/fr\\\/intelligence-strategique\\\/\",\"name\":\"Service d'Intelligence Strat\u00e9gique | Defoort Consultant\",\"isPartOf\":{\"@id\":\"https:\\\/\\\/defoortconsultant.com\\\/fr\\\/#website\"},\"primaryImageOfPage\":{\"@id\":\"https:\\\/\\\/defoortconsultant.com\\\/fr\\\/intelligence-strategique\\\/#primaryimage\"},\"image\":{\"@id\":\"https:\\\/\\\/defoortconsultant.com\\\/fr\\\/intelligence-strategique\\\/#primaryimage\"},\"thumbnailUrl\":\"https:\\\/\\\/defoortconsultant.com\\\/wp-content\\\/uploads\\\/2021\\\/06\\\/new-Defoort-Services-Technology-Intelligence-Consulting.png\",\"datePublished\":\"2021-07-28T06:05:24+00:00\",\"dateModified\":\"2025-04-02T10:40:09+00:00\",\"description\":\"Services d'intelligence technologique & concurrentielle, nous pouvons vous conseiller, travailler avec vous et vous former, afin de vous donner acc\u00e8s au savoir n\u00e9cessaire au d\u00e9veloppement de votre organisation.\",\"breadcrumb\":{\"@id\":\"https:\\\/\\\/defoortconsultant.com\\\/fr\\\/intelligence-strategique\\\/#breadcrumb\"},\"inLanguage\":\"fr-FR\",\"potentialAction\":[{\"@type\":\"ReadAction\",\"target\":[\"https:\\\/\\\/defoortconsultant.com\\\/fr\\\/intelligence-strategique\\\/\"]}]},{\"@type\":\"ImageObject\",\"inLanguage\":\"fr-FR\",\"@id\":\"https:\\\/\\\/defoortconsultant.com\\\/fr\\\/intelligence-strategique\\\/#primaryimage\",\"url\":\"https:\\\/\\\/defoortconsultant.com\\\/wp-content\\\/uploads\\\/2021\\\/06\\\/new-Defoort-Services-Technology-Intelligence-Consulting.png\",\"contentUrl\":\"https:\\\/\\\/defoortconsultant.com\\\/wp-content\\\/uploads\\\/2021\\\/06\\\/new-Defoort-Services-Technology-Intelligence-Consulting.png\"},{\"@type\":\"BreadcrumbList\",\"@id\":\"https:\\\/\\\/defoortconsultant.com\\\/fr\\\/intelligence-strategique\\\/#breadcrumb\",\"itemListElement\":[{\"@type\":\"ListItem\",\"position\":1,\"name\":\"Home\",\"item\":\"https:\\\/\\\/defoortconsultant.com\\\/fr\\\/\"},{\"@type\":\"ListItem\",\"position\":2,\"name\":\"Intelligence Strat\u00e9gique\"}]},{\"@type\":\"WebSite\",\"@id\":\"https:\\\/\\\/defoortconsultant.com\\\/fr\\\/#website\",\"url\":\"https:\\\/\\\/defoortconsultant.com\\\/fr\\\/\",\"name\":\"Defoort Consultant\",\"description\":\"Scientific Competitive Intelligence\",\"publisher\":{\"@id\":\"https:\\\/\\\/defoortconsultant.com\\\/fr\\\/#organization\"},\"potentialAction\":[{\"@type\":\"SearchAction\",\"target\":{\"@type\":\"EntryPoint\",\"urlTemplate\":\"https:\\\/\\\/defoortconsultant.com\\\/fr\\\/?s={search_term_string}\"},\"query-input\":{\"@type\":\"PropertyValueSpecification\",\"valueRequired\":true,\"valueName\":\"search_term_string\"}}],\"inLanguage\":\"fr-FR\"},{\"@type\":\"Organization\",\"@id\":\"https:\\\/\\\/defoortconsultant.com\\\/fr\\\/#organization\",\"name\":\"Defoort Consultant\",\"url\":\"https:\\\/\\\/defoortconsultant.com\\\/fr\\\/\",\"logo\":{\"@type\":\"ImageObject\",\"inLanguage\":\"fr-FR\",\"@id\":\"https:\\\/\\\/defoortconsultant.com\\\/fr\\\/#\\\/schema\\\/logo\\\/image\\\/\",\"url\":\"https:\\\/\\\/defoortconsultant.com\\\/wp-content\\\/uploads\\\/2021\\\/03\\\/defoort-logo-sml.png\",\"contentUrl\":\"https:\\\/\\\/defoortconsultant.com\\\/wp-content\\\/uploads\\\/2021\\\/03\\\/defoort-logo-sml.png\",\"width\":350,\"height\":97,\"caption\":\"Defoort Consultant\"},\"image\":{\"@id\":\"https:\\\/\\\/defoortconsultant.com\\\/fr\\\/#\\\/schema\\\/logo\\\/image\\\/\"}}]}<\/script>\n<!-- \/ Yoast SEO plugin. -->","yoast_head_json":{"title":"Service d'Intelligence Strat\u00e9gique | Defoort Consultant","description":"Services d'intelligence technologique & concurrentielle, nous pouvons vous conseiller, travailler avec vous et vous former, afin de vous donner acc\u00e8s au savoir n\u00e9cessaire au d\u00e9veloppement de votre organisation.","robots":{"index":"index","follow":"follow","max-snippet":"max-snippet:-1","max-image-preview":"max-image-preview:large","max-video-preview":"max-video-preview:-1"},"canonical":"https:\/\/defoortconsultant.com\/fr\/intelligence-strategique\/","og_locale":"fr_FR","og_type":"article","og_title":"Service d'Intelligence Strat\u00e9gique | Defoort Consultant","og_description":"Services d'intelligence technologique & concurrentielle, nous pouvons vous conseiller, travailler avec vous et vous former, afin de vous donner acc\u00e8s au savoir n\u00e9cessaire au d\u00e9veloppement de votre organisation.","og_url":"https:\/\/defoortconsultant.com\/fr\/intelligence-strategique\/","og_site_name":"Defoort Consultant","article_modified_time":"2025-04-02T10:40:09+00:00","og_image":[{"url":"https:\/\/defoortconsultant.com\/wp-content\/uploads\/2021\/06\/new-Defoort-Services-Technology-Intelligence-Consulting.png","type":"","width":"","height":""}],"twitter_card":"summary_large_image","twitter_misc":{"Dur\u00e9e de lecture estim\u00e9e":"5 minutes"},"schema":{"@context":"https:\/\/schema.org","@graph":[{"@type":"WebPage","@id":"https:\/\/defoortconsultant.com\/fr\/intelligence-strategique\/","url":"https:\/\/defoortconsultant.com\/fr\/intelligence-strategique\/","name":"Service d'Intelligence Strat\u00e9gique | Defoort Consultant","isPartOf":{"@id":"https:\/\/defoortconsultant.com\/fr\/#website"},"primaryImageOfPage":{"@id":"https:\/\/defoortconsultant.com\/fr\/intelligence-strategique\/#primaryimage"},"image":{"@id":"https:\/\/defoortconsultant.com\/fr\/intelligence-strategique\/#primaryimage"},"thumbnailUrl":"https:\/\/defoortconsultant.com\/wp-content\/uploads\/2021\/06\/new-Defoort-Services-Technology-Intelligence-Consulting.png","datePublished":"2021-07-28T06:05:24+00:00","dateModified":"2025-04-02T10:40:09+00:00","description":"Services d'intelligence technologique & concurrentielle, nous pouvons vous conseiller, travailler avec vous et vous former, afin de vous donner acc\u00e8s au savoir n\u00e9cessaire au d\u00e9veloppement de votre organisation.","breadcrumb":{"@id":"https:\/\/defoortconsultant.com\/fr\/intelligence-strategique\/#breadcrumb"},"inLanguage":"fr-FR","potentialAction":[{"@type":"ReadAction","target":["https:\/\/defoortconsultant.com\/fr\/intelligence-strategique\/"]}]},{"@type":"ImageObject","inLanguage":"fr-FR","@id":"https:\/\/defoortconsultant.com\/fr\/intelligence-strategique\/#primaryimage","url":"https:\/\/defoortconsultant.com\/wp-content\/uploads\/2021\/06\/new-Defoort-Services-Technology-Intelligence-Consulting.png","contentUrl":"https:\/\/defoortconsultant.com\/wp-content\/uploads\/2021\/06\/new-Defoort-Services-Technology-Intelligence-Consulting.png"},{"@type":"BreadcrumbList","@id":"https:\/\/defoortconsultant.com\/fr\/intelligence-strategique\/#breadcrumb","itemListElement":[{"@type":"ListItem","position":1,"name":"Home","item":"https:\/\/defoortconsultant.com\/fr\/"},{"@type":"ListItem","position":2,"name":"Intelligence Strat\u00e9gique"}]},{"@type":"WebSite","@id":"https:\/\/defoortconsultant.com\/fr\/#website","url":"https:\/\/defoortconsultant.com\/fr\/","name":"Defoort Consultant","description":"Scientific Competitive Intelligence","publisher":{"@id":"https:\/\/defoortconsultant.com\/fr\/#organization"},"potentialAction":[{"@type":"SearchAction","target":{"@type":"EntryPoint","urlTemplate":"https:\/\/defoortconsultant.com\/fr\/?s={search_term_string}"},"query-input":{"@type":"PropertyValueSpecification","valueRequired":true,"valueName":"search_term_string"}}],"inLanguage":"fr-FR"},{"@type":"Organization","@id":"https:\/\/defoortconsultant.com\/fr\/#organization","name":"Defoort Consultant","url":"https:\/\/defoortconsultant.com\/fr\/","logo":{"@type":"ImageObject","inLanguage":"fr-FR","@id":"https:\/\/defoortconsultant.com\/fr\/#\/schema\/logo\/image\/","url":"https:\/\/defoortconsultant.com\/wp-content\/uploads\/2021\/03\/defoort-logo-sml.png","contentUrl":"https:\/\/defoortconsultant.com\/wp-content\/uploads\/2021\/03\/defoort-logo-sml.png","width":350,"height":97,"caption":"Defoort Consultant"},"image":{"@id":"https:\/\/defoortconsultant.com\/fr\/#\/schema\/logo\/image\/"}}]}},"_links":{"self":[{"href":"https:\/\/defoortconsultant.com\/fr\/wp-json\/wp\/v2\/pages\/47848","targetHints":{"allow":["GET"]}}],"collection":[{"href":"https:\/\/defoortconsultant.com\/fr\/wp-json\/wp\/v2\/pages"}],"about":[{"href":"https:\/\/defoortconsultant.com\/fr\/wp-json\/wp\/v2\/types\/page"}],"author":[{"embeddable":true,"href":"https:\/\/defoortconsultant.com\/fr\/wp-json\/wp\/v2\/users\/1"}],"replies":[{"embeddable":true,"href":"https:\/\/defoortconsultant.com\/fr\/wp-json\/wp\/v2\/comments?post=47848"}],"version-history":[{"count":0,"href":"https:\/\/defoortconsultant.com\/fr\/wp-json\/wp\/v2\/pages\/47848\/revisions"}],"wp:attachment":[{"href":"https:\/\/defoortconsultant.com\/fr\/wp-json\/wp\/v2\/media?parent=47848"}],"curies":[{"name":"wp","href":"https:\/\/api.w.org\/{rel}","templated":true}]}}