{"id":47849,"date":"2021-07-28T06:52:31","date_gmt":"2021-07-28T06:52:31","guid":{"rendered":"https:\/\/defoortconsultant.com\/consulting-en-veille-technologique\/"},"modified":"2025-04-02T10:40:36","modified_gmt":"2025-04-02T10:40:36","slug":"consulting-en-veille-technologique","status":"publish","type":"page","link":"https:\/\/defoortconsultant.com\/fr\/consulting-en-veille-technologique\/","title":{"rendered":"Consulting en Veille Technologique"},"content":{"rendered":"\n<h1>\n\t\tConsulting en Veille Technologique\n\t<\/h1>\n<h3>\n\t\tComment pouvons-nous vous aider?\n\t<\/h3>\n\t<p>Defoort Consultant vous accompagne dans la conception et la mise en \u0153uvre de votre processus de veille strat\u00e9gique.<\/p>\n\t\t\t<a href=\"https:\/\/defoortconsultant.com\/fr\/contact\/\" target=\"_self\">\n\t\t\t\t\t\t\tR\u00e9servez votre consultation\n\t\t\t\t\t<\/a>\n<h2>\n\t\tPourquoi mettre en place un syst\u00e8me de veille strat\u00e9gique?\n\t<\/h2>\n\t<p>L&rsquo;intelligence strat\u00e9gique est un processus informationnel allant de la recherche des informations jusqu&rsquo;\u00e0 leur interpr\u00e9tation. Ces informations permettent de comprendre et ma\u00eetriser l&rsquo;environnement concurrentiel et technologique dans lequel l&rsquo;entreprise \u00e9volue.<\/p>\n<p>L&rsquo;intelligence strat\u00e9gique un processus d&rsquo;anticipation et concerne principalement le futur de l&rsquo;organisation et son environnement externe (bien qu&rsquo;il ne faille pas n\u00e9gliger les aspects internes de l&rsquo;organisation).<\/p>\n<p>Un syst\u00e8me de veille strat\u00e9gique peut aider une organisation \u00e0 fa\u00e7onner des comportements anticipatifs durables. Ce syst\u00e8me fournit un cadre d\u00e9fini pour ce processus d&rsquo;information et l&rsquo;int\u00e8gre dans la culture d&rsquo;entreprise &#8211; deux crit\u00e8res essentiels pour le succ\u00e8s de votre organisation.<\/p>\n<h2>\n\t\tUn projet diff\u00e9rent pour chaque entreprise\n\t<\/h2>\n\t<p>Chaque entreprise a une histoire diff\u00e9rente. Votre entreprise a peut-\u00eatre une culture collaborative tr\u00e8s d\u00e9velopp\u00e9e. Peut-\u00eatre travaillez-vous pour une entreprise qui ne dispose pas d&rsquo;une exp\u00e9rience extensive de l&rsquo;intelligence \u00e9conomique. Ou peut-\u00eatre vous faut-il mettre en \u0153uvre un processus de veille strat\u00e9gique \u00e0 faible budget. Notre point de vue est qu&rsquo;il y a des solutions pour chaque situation.<\/p>\n<p>Defoort Consultant vous aide \u00e0 \u00e9tablir un processus de veille strat\u00e9gique coh\u00e9rent avec la culture et l&rsquo;organisation de votre entreprise. L&rsquo;intelligence technologique &amp; concurrentielle est un processus humain qui gagne \u00e0 \u00eatre soutenu par des solutions logicielles (et non l&rsquo;inverse).<\/p>\n<h2>\n\t\tUn expert ind\u00e9pendant en veille strat\u00e9gique pour vous accompagner\n\t<\/h2>\n\t<p>Chez Defoort Consultant, nous pensons qu&rsquo;il est de notre responsabilit\u00e9 de vous conseiller sur le meilleur fournisseur de logiciels de veille strat\u00e9gique pour VOUS, de fa\u00e7on impartiale. Nous surveillons les principales solutions logicielles et assistons \u00e0 des s\u00e9minaires \/ webinaires et des conf\u00e9rences pour rester \u00e0 jour sur leurs fonctionnalit\u00e9s. Lorsque vous devez \u00e9valuer les options disponibles, nous pouvons vous offrir des conseils judicieux et impartiaux.<\/p>\n<p>Nous apportons notre exp\u00e9rience aux organisations souhaitant mettre en place ou optimiser leur syst\u00e8me de veille d&rsquo;un point de vue technique et\/ou humain.<\/p>\n<p>Avez-vous d\u00e9j\u00e0 choisi votre outil logiciel ou votre syst\u00e8me de surveillance est-il d\u00e9j\u00e0 en place ?<\/p>\n<p>Defoort Consultant vous accompagne dans le d\u00e9ploiement et l&rsquo;\u00e9volution de votre syst\u00e8me de veille strat\u00e9gique.<\/p>\n<p>Veuillez noter que nos services de consulting et de mentoring sont prot\u00e9g\u00e9s par un accord de confidentialit\u00e9 car la confiance et la discr\u00e9tion sont primordiales.<\/p>\n\t\t\t\t<img decoding=\"async\" data-src=\"https:\/\/defoort.wpengine.com\/wp-content\/uploads\/2021\/03\/half-page-home-consulting-1.jpg\" alt=\"half-page-home-consulting\" itemprop=\"image\" title=\"half-page-home-consulting\" onerror=\"this.style.display='none'\" src=\"data:image\/svg+xml;base64,PHN2ZyB3aWR0aD0iMSIgaGVpZ2h0PSIxIiB4bWxucz0iaHR0cDovL3d3dy53My5vcmcvMjAwMC9zdmciPjwvc3ZnPg==\" class=\"lazyload\" \/>\n<h3>\n\t\tNos Solutions\n\t<\/h3>\n\t<p>Defoort Consultant a mis en place un processus en plusieurs \u00e9tapes pour vous accompagner dans vos projets de veille strat\u00e9gique. Nous vous aidons quelque soit le stade d&rsquo;avancement de votre projet. Nous adaptons notre accompagnement \u00e0 vos besoins en incluant autant d&rsquo;\u00e9tapes que n\u00e9cessaire pour faire de votre projet un succ\u00e8s.<\/p>\n\t<p>Voici les \u00e9tapes que nous vous proposons:<\/p>\n<ul>\n<li>Audit et recommendations<\/li>\n<li>Gestion de projet<\/li>\n<li>R\u00e9daction d&rsquo;un cahier des charges<\/li>\n<li>Aide au choix de solutions techniques<\/li>\n<li>Accompagnement lors des entretiens avec les prestataires<\/li>\n<li>Accompagnement lors des phases de pilotage D\u00e9ploiement et \u00e9volutions de votre syst\u00e8me de veille<\/li>\n<li>Coaching personnalis\u00e9<\/li>\n<\/ul>\n<p>Vous trouverez plus de d\u00e9tails sur chaque \u00e9tape de notre processus de consulting en veille technologique et concurrentielle ci-dessous.<\/p>\n<p>Si vous n&rsquo;\u00eates pas s\u00fbr de votre situation actuelle ou si vous souhaitez comprendre comment nous pouvons vous aider, n&rsquo;h\u00e9sitez pas \u00e0 nous contacter pour une discussion sans engagement.<\/p>\n<h3>\n\t\tAudit et Recommendations\n\t<\/h3>\n\t<p>We use a Nous vous proposons des questionnaires et grilles d&rsquo;entretien que nous validons avec vous afin de :<\/p>\n<ul>\n<li>Comprendre votre organisation et sa culture<\/li>\n<li>Identifier les fonctions et missions, les interactions, les sources d&rsquo;information humaines potentielles<\/li>\n<li>Identifier les acc\u00e9lerateurs et les freins organisationnels et cognitifs<\/li>\n<li>R\u00e9pertorier les outils et les pratiques de veille existants<\/li>\n<li>Lister les sources d&rsquo;information n\u00e9cessaires \u00e0 vos besoins<\/li>\n<li>Formaliser les types d&rsquo;informations, les niveaux d&rsquo;analyse et les formats de restititution attendus<\/li>\n<li>Identifier les besoins dans le cadre de prestations externes (consulting et logiciels)<\/li>\n<\/ul>\n<p>Cette \u00e9tape nous permet de proposer des recommandations \u00e0 la mise en place de processus humains et \u00e0 l&rsquo;investissement dans des services et outils de veille strat\u00e9gique.<\/p>\n<h3>\n\t\tGestion de projet\n\t<\/h3>\n\t<p>Mettre en place un dispositif de veille peut s&rsquo;av\u00e9rer plus compliqu\u00e9 qu&rsquo;anticip\u00e9 :<\/p>\n<ul>\n<li>Difficult\u00e9 \u00e0 formaliser un processus collaboratif<\/li>\n<li>Complexit\u00e9 et multiplicit\u00e9 des syst\u00e8mes informationnels<\/li>\n<li>R\u00e9sistance au changement<\/li>\n<li>Transversalit\u00e9 de l&rsquo;intelligence \u00e9conomique<\/li>\n<\/ul>\n<p>Defoort Consultant se positionne comme un facilitateur de projet. Nous participons \u00e0 la constitution de comit\u00e9s de pilotage, \u00e0 l&rsquo;animation de groupes de travail, \u00e0 la cr\u00e9ation de planning pr\u00e9visionnel et nous assurons le bon d\u00e9roulement du projet dans les d\u00e9lais d\u00e9finis.<\/p>\n<h3>\n\t\tR\u00e9daction du Cahier des Charges\n\t<\/h3>\n\t<p>Le cahier des charges de votre dispositif de veille est un outil indispensable \u00e0 la r\u00e9ussite de votre projet. Nous vous proposons une documentation compl\u00e8te vous permettant de communiquer clairement avec les prestataires de services et les \u00e9diteurs de logiciels : <\/p>\n<ul>\n<li>Etat des lieux de l&rsquo;existant<\/li>\n<li>Description des services\/fonctionnalit\u00e9s attendus<\/li>\n<li>Aspects techniques et pistes d&rsquo;int\u00e9gration de toute nouvelle solution au syst\u00e8me informationnel existant<\/li>\n<li>Prise en compte de l&rsquo;\u00e9tat de l&rsquo;art technologique des solutions de veille disponibles <\/li>\n<\/ul>\n<p>Un cahier des charges de qualit\u00e9 optimisera vos chances de s\u00e9lectionner le(s) prestataire(s) disposant d&rsquo;offres les plus proches de vos besoins.<\/p>\n<h3>\n\t\tAide au Choix de Solutions Techniques\n\t<\/h3>\n\t<p>Les technologies \u00e9voluent rapidement (web crawling, text mining, machine learning, plateforme collaborative, etc). Les prestataires se multiplient. Il n&rsquo;est pas toujours simple de faire le tri.<\/p>\n<p>Chez Defoort Consultant, nous sommes convaincus que ce n&rsquo;est pas le logiciel ou le prestataire qui d\u00e9finissent le processus de veille. Il est donc essentiel de positionner ces solutions en regard de vos besoins.<\/p>\n<p>Votre projet n\u00e9cessite peut-\u00eatre la s\u00e9lection de solutions logiciels et\/ou de services de veille. Dans ce cas, Defoort Consultant vous propose une liste de prestataires \u00e0 \u00e9valuer gr\u00e2ce \u00e0 une grille comparative prenant en compte les besoins organisationnels et fonctionnels d\u00e9finis dans votre cahier des charges.<\/p>\n<h3>\n\t\tAccompagnement lors des Entretiens avec les Prestataires\n\t<\/h3>\n\t<p>Une fois retenus les prestataires ayant fait les meilleures propositions, nous vous proposons d&rsquo;organiser une s\u00e9ance de soutenances de projets. Qu&rsquo;il s&rsquo;agisse de tester un logiciel de veille ou un processus de veille \u00e0 l&rsquo;\u00e9chelle de votre groupe projet avant investissement et d\u00e9ploiement au sein de l&rsquo;entreprise, Defoort Consultant vous accompagne dans la mise en \u0153uvre et le suivi du projet pilote.<\/p>\n<h3>\n\t\tD\u00e9ploiement et Evolutions de votre Dispositif de Veille\n\t<\/h3>\n\t<p>Defoort Consultant dispose de l&rsquo;expertise pour vous accompagner \u00e0 la mise en place de la solution de veille que vous avez s\u00e9lectionn\u00e9e :<\/p>\n<ul>\n<li>Identification et qualification de nouvelles sources d&rsquo;information pertinentes pour vos axes de veille strat\u00e9giques<\/li>\n<li>Param\u00e9trage des axes de veille strat\u00e9giques de la d\u00e9finition du vocabulaire jusqu&rsquo;\u00e0 la cr\u00e9ation des requ\u00eates de collecte de l&rsquo;information<\/li>\n<li>Aide \u00e0 l&rsquo;exploitation optimale des fonctionnalit\u00e9s de votre logiciel de veille et lev\u00e9e des points de blocage (cr\u00e9ation de r\u00e8gles automatiques, d\u00e9finition de processus d&rsquo;analyse, mise en place d&rsquo;ontologies et de bases de connaissance, etc. &#8211; D\u00e9pend du logiciel de veille s\u00e9lectionn\u00e9)<\/li>\n<li>Conception et pilotage de la cr\u00e9ation de livrable de veille<\/li>\n<li>Audit de votre syst\u00e8me de veille en vue d&rsquo;am\u00e9lioration et\/ou d&rsquo;\u00e9volutions vers de nouvelles fonctionnalit\u00e9s, ou en vue de la s\u00e9lection d&rsquo;une nouvelle solution plus adapt\u00e9e<\/li>\n<\/ul>\n<p>Notre expertise vous assure un meilleur retour sur investissement et un gain de temps. Vos \u00e9quipes sont alors en mesure de se concentrer sur la cr\u00e9ation de valeur ajout\u00e9e pour votre entreprise.<\/p>\n\t\t\t\t<img decoding=\"async\" data-src=\"https:\/\/defoort.wpengine.com\/wp-content\/uploads\/2021\/06\/half-page-Competitive-Intelligence-Mentoring.jpg\" alt=\"half-page-Competitive-Intelligence-Mentoring\" itemprop=\"image\" title=\"half-page-Competitive-Intelligence-Mentoring\" onerror=\"this.style.display='none'\" src=\"data:image\/svg+xml;base64,PHN2ZyB3aWR0aD0iMSIgaGVpZ2h0PSIxIiB4bWxucz0iaHR0cDovL3d3dy53My5vcmcvMjAwMC9zdmciPjwvc3ZnPg==\" class=\"lazyload\" \/>\n<h3>\n\t\tCoaching Personnalis\u00e9\n\t<\/h3>\n\t<p>Chez Defoort Consultant, nous comprenons que la mise en place de la veille strat\u00e9gique peut para\u00eetre complexe.<\/p>\n<p>Peut-\u00eatre d\u00e9couvrez-vous cette activit\u00e9 ou ne savez-vous pas comment sortir du cercle vicieux des t\u00e2ches chronophages et r\u00e9p\u00e9titives, Dans ce cas, Julie Defoort travaillera main dans la main avec vous et votre \u00e9quipe (en tant que mentor en veille strat\u00e9gique) tout en revisitant vos projets, votre strategie et vos comp\u00e9tences.<\/p>\n<p>Vous venez peut-\u00eatre d&rsquo;\u00eatre promu(e) dans un r\u00f4le de veille strat\u00e9gique au sein de votre entreprise et vous n&rsquo;\u00eates pas s\u00fbr(e) de savoir par o\u00f9 commencer. La r\u00e8gle veut que la premi\u00e8re impression reste dans le temps. Nous pouvons vous aider \u00e0 prendre la bonne direction. Nous vous conseillons sur les strat\u00e9gies pour d\u00e9veloper votre r\u00f4le et votre carri\u00e8re pour vous positionner en tant qu&rsquo;expert et servir au mieux les int\u00e9r\u00eats strat\u00e9giques de votre entreprise.<\/p>\n<p>Julie Defoort vous accompagne via des sessions de coaching et de la formation jusqu&rsquo;\u00e0 ce que vous puissiez \u00e0 nouveau voler de vos propres ailes.<\/p>\n<h2>\n\t\tIci pour vous aider.\n\t<\/h2>\n<h4>\n\t\tConsultation GRATUITE de 30 minutes\u00a0par t\u00e9l\u00e9phone ou vid\u00e9o-conf\u00e9rence\n\t<\/h4>\n\t<p>Nous commen\u00e7ons toujours par prendre le temps de comprendre votre entreprise et vos exigences, afin de pouvoir proposer les meilleures solutions \u00e0 votre probl\u00e8me.<\/p>\n\t\t\t<a href=\"https:\/\/defoortconsultant.com\/fr\/contact\/\" target=\"_self\">\n\t\t\t\t\t\t\tR\u00e9servez votre consultation\n\t\t\t\t\t<\/a>\n<h2>\n\t\tRestez connect\u00e9s\n\t<\/h2>\n\t\t\t\t<img decoding=\"async\" data-src=\"https:\/\/defoort.wpengine.com\/wp-content\/uploads\/2021\/03\/Defoort-Icon-news.png\" alt=\"Defoort-Icon-nouvelles\" itemprop=\"image\" title=\"Defoort-Icon-nouvelles\" onerror=\"this.style.display='none'\" src=\"data:image\/svg+xml;base64,PHN2ZyB3aWR0aD0iMSIgaGVpZ2h0PSIxIiB4bWxucz0iaHR0cDovL3d3dy53My5vcmcvMjAwMC9zdmciPjwvc3ZnPg==\" class=\"lazyload\" \/>\n\t<p>Abonnez-vous \u00e0 notre newsletter.<\/p>\n<p>Avec plus de 10 ans d&rsquo;exp\u00e9rience en intelligence technologique, nous aidons les entreprises de biotechnologie \u00e0 identifier et analyser les informations pertinentes sur les technologies \u00e9mergentes et les tendances du march\u00e9.<\/p>\n\n","protected":false},"excerpt":{"rendered":"<p>Consulting en Veille Technologique Comment pouvons-nous vous aider? Defoort Consultant vous accompagne dans la conception et la mise en \u0153uvre de votre processus de veille strat\u00e9gique. R\u00e9servez votre consultation Pourquoi mettre en place un syst\u00e8me de veille strat\u00e9gique? L&rsquo;intelligence strat\u00e9gique est un processus informationnel allant de la recherche des informations jusqu&rsquo;\u00e0 leur interpr\u00e9tation. Ces informations &#8230; <a title=\"Consulting en Veille Technologique\" class=\"read-more\" href=\"https:\/\/defoortconsultant.com\/fr\/consulting-en-veille-technologique\/\" aria-label=\"En savoir plus sur Consulting en Veille Technologique\">Lire plus<\/a><\/p>\n","protected":false},"author":1,"featured_media":0,"parent":0,"menu_order":0,"comment_status":"closed","ping_status":"closed","template":"","meta":{"footnotes":""},"class_list":["post-47849","page","type-page","status-publish"],"yoast_head":"<!-- This site is optimized with the Yoast SEO plugin v27.3 - https:\/\/yoast.com\/product\/yoast-seo-wordpress\/ -->\n<title>Consulting en Intelligence Technologique | Defoort Consultant<\/title>\n<meta name=\"description\" content=\"Defoort Consultant vous accompagne dans la conception et la mise en \u0153uvre de votre processus de veille strat\u00e9gique.\" \/>\n<meta name=\"robots\" content=\"index, follow, max-snippet:-1, max-image-preview:large, max-video-preview:-1\" \/>\n<link rel=\"canonical\" href=\"https:\/\/defoortconsultant.com\/fr\/consulting-en-veille-technologique\/\" \/>\n<meta property=\"og:locale\" content=\"fr_FR\" \/>\n<meta property=\"og:type\" content=\"article\" \/>\n<meta property=\"og:title\" content=\"Consulting en Intelligence Technologique | Defoort Consultant\" \/>\n<meta property=\"og:description\" content=\"Defoort Consultant vous accompagne dans la conception et la mise en \u0153uvre de votre processus de veille strat\u00e9gique.\" \/>\n<meta property=\"og:url\" content=\"https:\/\/defoortconsultant.com\/fr\/consulting-en-veille-technologique\/\" \/>\n<meta property=\"og:site_name\" content=\"Defoort Consultant\" \/>\n<meta property=\"article:modified_time\" content=\"2025-04-02T10:40:36+00:00\" \/>\n<meta property=\"og:image\" content=\"https:\/\/defoort.wpengine.com\/wp-content\/uploads\/2021\/03\/half-page-home-consulting-1.jpg\" \/>\n<meta name=\"twitter:card\" content=\"summary_large_image\" \/>\n<meta name=\"twitter:label1\" content=\"Dur\u00e9e de lecture estim\u00e9e\" \/>\n\t<meta name=\"twitter:data1\" content=\"8 minutes\" \/>\n<script type=\"application\/ld+json\" class=\"yoast-schema-graph\">{\"@context\":\"https:\\\/\\\/schema.org\",\"@graph\":[{\"@type\":\"WebPage\",\"@id\":\"https:\\\/\\\/defoortconsultant.com\\\/fr\\\/consulting-en-veille-technologique\\\/\",\"url\":\"https:\\\/\\\/defoortconsultant.com\\\/fr\\\/consulting-en-veille-technologique\\\/\",\"name\":\"Consulting en Intelligence Technologique | Defoort Consultant\",\"isPartOf\":{\"@id\":\"https:\\\/\\\/defoortconsultant.com\\\/fr\\\/#website\"},\"primaryImageOfPage\":{\"@id\":\"https:\\\/\\\/defoortconsultant.com\\\/fr\\\/consulting-en-veille-technologique\\\/#primaryimage\"},\"image\":{\"@id\":\"https:\\\/\\\/defoortconsultant.com\\\/fr\\\/consulting-en-veille-technologique\\\/#primaryimage\"},\"thumbnailUrl\":\"https:\\\/\\\/defoort.wpengine.com\\\/wp-content\\\/uploads\\\/2021\\\/03\\\/half-page-home-consulting-1.jpg\",\"datePublished\":\"2021-07-28T06:52:31+00:00\",\"dateModified\":\"2025-04-02T10:40:36+00:00\",\"description\":\"Defoort Consultant vous accompagne dans la conception et la mise en \u0153uvre de votre processus de veille strat\u00e9gique.\",\"breadcrumb\":{\"@id\":\"https:\\\/\\\/defoortconsultant.com\\\/fr\\\/consulting-en-veille-technologique\\\/#breadcrumb\"},\"inLanguage\":\"fr-FR\",\"potentialAction\":[{\"@type\":\"ReadAction\",\"target\":[\"https:\\\/\\\/defoortconsultant.com\\\/fr\\\/consulting-en-veille-technologique\\\/\"]}]},{\"@type\":\"ImageObject\",\"inLanguage\":\"fr-FR\",\"@id\":\"https:\\\/\\\/defoortconsultant.com\\\/fr\\\/consulting-en-veille-technologique\\\/#primaryimage\",\"url\":\"https:\\\/\\\/defoort.wpengine.com\\\/wp-content\\\/uploads\\\/2021\\\/03\\\/half-page-home-consulting-1.jpg\",\"contentUrl\":\"https:\\\/\\\/defoort.wpengine.com\\\/wp-content\\\/uploads\\\/2021\\\/03\\\/half-page-home-consulting-1.jpg\"},{\"@type\":\"BreadcrumbList\",\"@id\":\"https:\\\/\\\/defoortconsultant.com\\\/fr\\\/consulting-en-veille-technologique\\\/#breadcrumb\",\"itemListElement\":[{\"@type\":\"ListItem\",\"position\":1,\"name\":\"Home\",\"item\":\"https:\\\/\\\/defoortconsultant.com\\\/fr\\\/\"},{\"@type\":\"ListItem\",\"position\":2,\"name\":\"Consulting en Veille Technologique\"}]},{\"@type\":\"WebSite\",\"@id\":\"https:\\\/\\\/defoortconsultant.com\\\/fr\\\/#website\",\"url\":\"https:\\\/\\\/defoortconsultant.com\\\/fr\\\/\",\"name\":\"Defoort Consultant\",\"description\":\"Scientific Competitive Intelligence\",\"publisher\":{\"@id\":\"https:\\\/\\\/defoortconsultant.com\\\/fr\\\/#organization\"},\"potentialAction\":[{\"@type\":\"SearchAction\",\"target\":{\"@type\":\"EntryPoint\",\"urlTemplate\":\"https:\\\/\\\/defoortconsultant.com\\\/fr\\\/?s={search_term_string}\"},\"query-input\":{\"@type\":\"PropertyValueSpecification\",\"valueRequired\":true,\"valueName\":\"search_term_string\"}}],\"inLanguage\":\"fr-FR\"},{\"@type\":\"Organization\",\"@id\":\"https:\\\/\\\/defoortconsultant.com\\\/fr\\\/#organization\",\"name\":\"Defoort Consultant\",\"url\":\"https:\\\/\\\/defoortconsultant.com\\\/fr\\\/\",\"logo\":{\"@type\":\"ImageObject\",\"inLanguage\":\"fr-FR\",\"@id\":\"https:\\\/\\\/defoortconsultant.com\\\/fr\\\/#\\\/schema\\\/logo\\\/image\\\/\",\"url\":\"https:\\\/\\\/defoortconsultant.com\\\/wp-content\\\/uploads\\\/2021\\\/03\\\/defoort-logo-sml.png\",\"contentUrl\":\"https:\\\/\\\/defoortconsultant.com\\\/wp-content\\\/uploads\\\/2021\\\/03\\\/defoort-logo-sml.png\",\"width\":350,\"height\":97,\"caption\":\"Defoort Consultant\"},\"image\":{\"@id\":\"https:\\\/\\\/defoortconsultant.com\\\/fr\\\/#\\\/schema\\\/logo\\\/image\\\/\"}}]}<\/script>\n<!-- \/ Yoast SEO plugin. -->","yoast_head_json":{"title":"Consulting en Intelligence Technologique | Defoort Consultant","description":"Defoort Consultant vous accompagne dans la conception et la mise en \u0153uvre de votre processus de veille strat\u00e9gique.","robots":{"index":"index","follow":"follow","max-snippet":"max-snippet:-1","max-image-preview":"max-image-preview:large","max-video-preview":"max-video-preview:-1"},"canonical":"https:\/\/defoortconsultant.com\/fr\/consulting-en-veille-technologique\/","og_locale":"fr_FR","og_type":"article","og_title":"Consulting en Intelligence Technologique | Defoort Consultant","og_description":"Defoort Consultant vous accompagne dans la conception et la mise en \u0153uvre de votre processus de veille strat\u00e9gique.","og_url":"https:\/\/defoortconsultant.com\/fr\/consulting-en-veille-technologique\/","og_site_name":"Defoort Consultant","article_modified_time":"2025-04-02T10:40:36+00:00","og_image":[{"url":"https:\/\/defoort.wpengine.com\/wp-content\/uploads\/2021\/03\/half-page-home-consulting-1.jpg","type":"","width":"","height":""}],"twitter_card":"summary_large_image","twitter_misc":{"Dur\u00e9e de lecture estim\u00e9e":"8 minutes"},"schema":{"@context":"https:\/\/schema.org","@graph":[{"@type":"WebPage","@id":"https:\/\/defoortconsultant.com\/fr\/consulting-en-veille-technologique\/","url":"https:\/\/defoortconsultant.com\/fr\/consulting-en-veille-technologique\/","name":"Consulting en Intelligence Technologique | Defoort Consultant","isPartOf":{"@id":"https:\/\/defoortconsultant.com\/fr\/#website"},"primaryImageOfPage":{"@id":"https:\/\/defoortconsultant.com\/fr\/consulting-en-veille-technologique\/#primaryimage"},"image":{"@id":"https:\/\/defoortconsultant.com\/fr\/consulting-en-veille-technologique\/#primaryimage"},"thumbnailUrl":"https:\/\/defoort.wpengine.com\/wp-content\/uploads\/2021\/03\/half-page-home-consulting-1.jpg","datePublished":"2021-07-28T06:52:31+00:00","dateModified":"2025-04-02T10:40:36+00:00","description":"Defoort Consultant vous accompagne dans la conception et la mise en \u0153uvre de votre processus de veille strat\u00e9gique.","breadcrumb":{"@id":"https:\/\/defoortconsultant.com\/fr\/consulting-en-veille-technologique\/#breadcrumb"},"inLanguage":"fr-FR","potentialAction":[{"@type":"ReadAction","target":["https:\/\/defoortconsultant.com\/fr\/consulting-en-veille-technologique\/"]}]},{"@type":"ImageObject","inLanguage":"fr-FR","@id":"https:\/\/defoortconsultant.com\/fr\/consulting-en-veille-technologique\/#primaryimage","url":"https:\/\/defoort.wpengine.com\/wp-content\/uploads\/2021\/03\/half-page-home-consulting-1.jpg","contentUrl":"https:\/\/defoort.wpengine.com\/wp-content\/uploads\/2021\/03\/half-page-home-consulting-1.jpg"},{"@type":"BreadcrumbList","@id":"https:\/\/defoortconsultant.com\/fr\/consulting-en-veille-technologique\/#breadcrumb","itemListElement":[{"@type":"ListItem","position":1,"name":"Home","item":"https:\/\/defoortconsultant.com\/fr\/"},{"@type":"ListItem","position":2,"name":"Consulting en Veille Technologique"}]},{"@type":"WebSite","@id":"https:\/\/defoortconsultant.com\/fr\/#website","url":"https:\/\/defoortconsultant.com\/fr\/","name":"Defoort Consultant","description":"Scientific Competitive Intelligence","publisher":{"@id":"https:\/\/defoortconsultant.com\/fr\/#organization"},"potentialAction":[{"@type":"SearchAction","target":{"@type":"EntryPoint","urlTemplate":"https:\/\/defoortconsultant.com\/fr\/?s={search_term_string}"},"query-input":{"@type":"PropertyValueSpecification","valueRequired":true,"valueName":"search_term_string"}}],"inLanguage":"fr-FR"},{"@type":"Organization","@id":"https:\/\/defoortconsultant.com\/fr\/#organization","name":"Defoort Consultant","url":"https:\/\/defoortconsultant.com\/fr\/","logo":{"@type":"ImageObject","inLanguage":"fr-FR","@id":"https:\/\/defoortconsultant.com\/fr\/#\/schema\/logo\/image\/","url":"https:\/\/defoortconsultant.com\/wp-content\/uploads\/2021\/03\/defoort-logo-sml.png","contentUrl":"https:\/\/defoortconsultant.com\/wp-content\/uploads\/2021\/03\/defoort-logo-sml.png","width":350,"height":97,"caption":"Defoort Consultant"},"image":{"@id":"https:\/\/defoortconsultant.com\/fr\/#\/schema\/logo\/image\/"}}]}},"_links":{"self":[{"href":"https:\/\/defoortconsultant.com\/fr\/wp-json\/wp\/v2\/pages\/47849","targetHints":{"allow":["GET"]}}],"collection":[{"href":"https:\/\/defoortconsultant.com\/fr\/wp-json\/wp\/v2\/pages"}],"about":[{"href":"https:\/\/defoortconsultant.com\/fr\/wp-json\/wp\/v2\/types\/page"}],"author":[{"embeddable":true,"href":"https:\/\/defoortconsultant.com\/fr\/wp-json\/wp\/v2\/users\/1"}],"replies":[{"embeddable":true,"href":"https:\/\/defoortconsultant.com\/fr\/wp-json\/wp\/v2\/comments?post=47849"}],"version-history":[{"count":0,"href":"https:\/\/defoortconsultant.com\/fr\/wp-json\/wp\/v2\/pages\/47849\/revisions"}],"wp:attachment":[{"href":"https:\/\/defoortconsultant.com\/fr\/wp-json\/wp\/v2\/media?parent=47849"}],"curies":[{"name":"wp","href":"https:\/\/api.w.org\/{rel}","templated":true}]}}